{"id":9995,"date":"2023-11-29T20:52:59","date_gmt":"2023-11-29T19:52:59","guid":{"rendered":"http:\/\/stampcurio.com\/?post_type=product&#038;p=9995"},"modified":"2025-12-05T04:09:31","modified_gmt":"2025-12-05T03:09:31","slug":"1891-turks-szigetek-felulnyomott-valaszos-dijjegyes-lap-magyarorszagra-kuldve-ritka-destinacio","status":"publish","type":"product","link":"https:\/\/stampcurio.com\/hu\/termek\/1891-turks-szigetek-felulnyomott-valaszos-dijjegyes-lap-magyarorszagra-kuldve-ritka-destinacio\/","title":{"rendered":"1891 Turks szigetek fel\u00fclnyomott v\u00e1laszos d\u00edjjegyes lap Magyarorsz\u00e1gra k\u00fcldve &#8211; ritka destin\u00e1ci\u00f3"},"content":{"rendered":"","protected":false},"excerpt":{"rendered":"","protected":false},"featured_media":10005,"template":"","meta":[],"product_brand":[],"product_cat":[180,73,983],"product_tag":[1044,74,89],"class_list":{"0":"post-9995","1":"product","2":"type-product","3":"status-publish","4":"has-post-thumbnail","6":"product_cat-egyesult-kiralysag-1st","7":"product_cat-magyarorszag-1st","8":"product_cat-turks-es-caicos-szigetek-1st","9":"product_tag-1st-auction-hu","10":"product_tag-dijjegyes","11":"product_tag-postatortenet","12":"pa_catalog_id-984","14":"first","15":"outofstock","16":"sold-individually","17":"shipping-taxable","18":"product-type-simple"},"_links":{"self":[{"href":"https:\/\/stampcurio.com\/hu\/wp-json\/wp\/v2\/product\/9995","targetHints":{"allow":["GET"]}}],"collection":[{"href":"https:\/\/stampcurio.com\/hu\/wp-json\/wp\/v2\/product"}],"about":[{"href":"https:\/\/stampcurio.com\/hu\/wp-json\/wp\/v2\/types\/product"}],"wp:featuredmedia":[{"embeddable":true,"href":"https:\/\/stampcurio.com\/hu\/wp-json\/wp\/v2\/media\/10005"}],"wp:attachment":[{"href":"https:\/\/stampcurio.com\/hu\/wp-json\/wp\/v2\/media?parent=9995"}],"wp:term":[{"taxonomy":"product_brand","embeddable":true,"href":"https:\/\/stampcurio.com\/hu\/wp-json\/wp\/v2\/product_brand?post=9995"},{"taxonomy":"product_cat","embeddable":true,"href":"https:\/\/stampcurio.com\/hu\/wp-json\/wp\/v2\/product_cat?post=9995"},{"taxonomy":"product_tag","embeddable":true,"href":"https:\/\/stampcurio.com\/hu\/wp-json\/wp\/v2\/product_tag?post=9995"}],"curies":[{"name":"wp","href":"https:\/\/api.w.org\/{rel}","templated":true}]}}