{"id":9977,"date":"2023-11-29T20:43:16","date_gmt":"2023-11-29T19:43:16","guid":{"rendered":"http:\/\/stampcurio.com\/?post_type=product&#038;p=9977"},"modified":"2025-12-05T04:09:31","modified_gmt":"2025-12-05T03:09:31","slug":"1902-ddsg-ritka-dijmentesito-jegy-nyomtatvany-szep-kekes-lila-pancsova-belyegzessel","status":"publish","type":"product","link":"https:\/\/stampcurio.com\/hu\/termek\/1902-ddsg-ritka-dijmentesito-jegy-nyomtatvany-szep-kekes-lila-pancsova-belyegzessel\/","title":{"rendered":"1902 DDSG ritka &#8220;D\u00edjmentes\u00edt\u0151 jegy&#8221; nyomtatv\u00e1ny sz\u00e9p k\u00e9kes-lila PANCSOVA b\u00e9lyegz\u00e9ssel"},"content":{"rendered":"","protected":false},"excerpt":{"rendered":"","protected":false},"featured_media":9990,"template":"","meta":[],"product_brand":[],"product_cat":[60,73,105,135],"product_tag":[1044,323,67],"class_list":{"0":"post-9977","1":"product","2":"type-product","3":"status-publish","4":"has-post-thumbnail","6":"product_cat-ausztria-1st","7":"product_cat-magyarorszag-1st","8":"product_cat-romania-1st","9":"product_cat-szerbia-1st","10":"product_tag-1st-auction-hu","11":"product_tag-ddsg","12":"product_tag-marcofilatelia","13":"pa_catalog_id-982","15":"first","16":"outofstock","17":"sold-individually","18":"shipping-taxable","19":"product-type-simple"},"_links":{"self":[{"href":"https:\/\/stampcurio.com\/hu\/wp-json\/wp\/v2\/product\/9977","targetHints":{"allow":["GET"]}}],"collection":[{"href":"https:\/\/stampcurio.com\/hu\/wp-json\/wp\/v2\/product"}],"about":[{"href":"https:\/\/stampcurio.com\/hu\/wp-json\/wp\/v2\/types\/product"}],"wp:featuredmedia":[{"embeddable":true,"href":"https:\/\/stampcurio.com\/hu\/wp-json\/wp\/v2\/media\/9990"}],"wp:attachment":[{"href":"https:\/\/stampcurio.com\/hu\/wp-json\/wp\/v2\/media?parent=9977"}],"wp:term":[{"taxonomy":"product_brand","embeddable":true,"href":"https:\/\/stampcurio.com\/hu\/wp-json\/wp\/v2\/product_brand?post=9977"},{"taxonomy":"product_cat","embeddable":true,"href":"https:\/\/stampcurio.com\/hu\/wp-json\/wp\/v2\/product_cat?post=9977"},{"taxonomy":"product_tag","embeddable":true,"href":"https:\/\/stampcurio.com\/hu\/wp-json\/wp\/v2\/product_tag?post=9977"}],"curies":[{"name":"wp","href":"https:\/\/api.w.org\/{rel}","templated":true}]}}