{"id":9971,"date":"2023-11-29T20:25:24","date_gmt":"2023-11-29T19:25:24","guid":{"rendered":"http:\/\/stampcurio.com\/?post_type=product&#038;p=9971"},"modified":"2025-12-05T04:09:32","modified_gmt":"2025-12-05T03:09:32","slug":"1929-magyarorszag-dekorativ-helyettesitesi-meghatalmazas-104f-illetekbelyeggel-ujfeherto","status":"publish","type":"product","link":"https:\/\/stampcurio.com\/hu\/termek\/1929-magyarorszag-dekorativ-helyettesitesi-meghatalmazas-104f-illetekbelyeggel-ujfeherto\/","title":{"rendered":"1929 Magyarorsz\u00e1g &#8211; dekorat\u00edv helyettes\u00edt\u00e9si meghatalmaz\u00e1s 10*4f illet\u00e9kb\u00e9lyeggel &#8211; \u00dajfeh\u00e9rt\u00f3"},"content":{"rendered":"","protected":false},"excerpt":{"rendered":"","protected":false},"featured_media":9981,"template":"","meta":[],"product_brand":[],"product_cat":[73],"product_tag":[1044,282],"class_list":{"0":"post-9971","1":"product","2":"type-product","3":"status-publish","4":"has-post-thumbnail","6":"product_cat-magyarorszag-1st","7":"product_tag-1st-auction-hu","8":"product_tag-okmanybelyeg","9":"pa_catalog_id-981","11":"first","12":"outofstock","13":"sold-individually","14":"shipping-taxable","15":"product-type-simple"},"_links":{"self":[{"href":"https:\/\/stampcurio.com\/hu\/wp-json\/wp\/v2\/product\/9971","targetHints":{"allow":["GET"]}}],"collection":[{"href":"https:\/\/stampcurio.com\/hu\/wp-json\/wp\/v2\/product"}],"about":[{"href":"https:\/\/stampcurio.com\/hu\/wp-json\/wp\/v2\/types\/product"}],"wp:featuredmedia":[{"embeddable":true,"href":"https:\/\/stampcurio.com\/hu\/wp-json\/wp\/v2\/media\/9981"}],"wp:attachment":[{"href":"https:\/\/stampcurio.com\/hu\/wp-json\/wp\/v2\/media?parent=9971"}],"wp:term":[{"taxonomy":"product_brand","embeddable":true,"href":"https:\/\/stampcurio.com\/hu\/wp-json\/wp\/v2\/product_brand?post=9971"},{"taxonomy":"product_cat","embeddable":true,"href":"https:\/\/stampcurio.com\/hu\/wp-json\/wp\/v2\/product_cat?post=9971"},{"taxonomy":"product_tag","embeddable":true,"href":"https:\/\/stampcurio.com\/hu\/wp-json\/wp\/v2\/product_tag?post=9971"}],"curies":[{"name":"wp","href":"https:\/\/api.w.org\/{rel}","templated":true}]}}