{"id":9858,"date":"2023-11-29T16:28:31","date_gmt":"2023-11-29T15:28:31","guid":{"rendered":"http:\/\/stampcurio.com\/?post_type=product&#038;p=9858"},"modified":"2025-12-05T04:09:32","modified_gmt":"2025-12-05T03:09:32","slug":"1946-1950-exkluziv-eszak-koreai-belyegkonyv-a-phenjan-ostroma-elotti-idoszakbol","status":"publish","type":"product","link":"https:\/\/stampcurio.com\/hu\/termek\/1946-1950-exkluziv-eszak-koreai-belyegkonyv-a-phenjan-ostroma-elotti-idoszakbol\/","title":{"rendered":"1946 &#8211; 1950 Exkluz\u00edv \u00e9szak-koreai b\u00e9lyegk\u00f6nyv a Phenjan ostroma el\u0151tti id\u0151szakb\u00f3l"},"content":{"rendered":"<p>24 exkluz\u00edv b\u00e9lyeget tartalmaz\u00f3 b\u00e9lyegk\u00f6nyv.<\/p>\n<p>A r\u00e9szletes le\u00edr\u00e1s\u00e9rt k\u00e9rj\u00fck keresse fel az al\u00e1bbi oldalt (angol nyelv\u0171 le\u00edr\u00e1s):<\/p>\n<p><a href=\"http:\/\/stampcurio.com\/portfolio-item\/north-korean-booklet\/\"><i class=\"fas fa-book\"><\/i><\/a><\/p>\n","protected":false},"excerpt":{"rendered":"<p>24 exkluz\u00edv b\u00e9lyeget tartalmaz\u00f3 b\u00e9lyegk\u00f6nyv. A r\u00e9szletes le\u00edr\u00e1s\u00e9rt k\u00e9rj\u00fck keresse fel az al\u00e1bbi oldalt (angol nyelv\u0171 le\u00edr\u00e1s):<\/p>\n","protected":false},"featured_media":12244,"template":"","meta":[],"product_brand":[],"product_cat":[644],"product_tag":[1044,116,235,176,89],"class_list":{"0":"post-9858","1":"product","2":"type-product","3":"status-publish","4":"has-post-thumbnail","6":"product_cat-eszak-korea-1st","7":"product_tag-1st-auction-hu","8":"product_tag-belyeg","9":"product_tag-belyegfuzet","10":"product_tag-philagem","11":"product_tag-postatortenet","12":"pa_catalog_id-979","14":"first","15":"outofstock","16":"sold-individually","17":"shipping-taxable","18":"product-type-simple"},"_links":{"self":[{"href":"https:\/\/stampcurio.com\/hu\/wp-json\/wp\/v2\/product\/9858","targetHints":{"allow":["GET"]}}],"collection":[{"href":"https:\/\/stampcurio.com\/hu\/wp-json\/wp\/v2\/product"}],"about":[{"href":"https:\/\/stampcurio.com\/hu\/wp-json\/wp\/v2\/types\/product"}],"wp:featuredmedia":[{"embeddable":true,"href":"https:\/\/stampcurio.com\/hu\/wp-json\/wp\/v2\/media\/12244"}],"wp:attachment":[{"href":"https:\/\/stampcurio.com\/hu\/wp-json\/wp\/v2\/media?parent=9858"}],"wp:term":[{"taxonomy":"product_brand","embeddable":true,"href":"https:\/\/stampcurio.com\/hu\/wp-json\/wp\/v2\/product_brand?post=9858"},{"taxonomy":"product_cat","embeddable":true,"href":"https:\/\/stampcurio.com\/hu\/wp-json\/wp\/v2\/product_cat?post=9858"},{"taxonomy":"product_tag","embeddable":true,"href":"https:\/\/stampcurio.com\/hu\/wp-json\/wp\/v2\/product_tag?post=9858"}],"curies":[{"name":"wp","href":"https:\/\/api.w.org\/{rel}","templated":true}]}}