{"id":9795,"date":"2023-11-29T12:39:12","date_gmt":"2023-11-29T11:39:12","guid":{"rendered":"http:\/\/stampcurio.com\/?post_type=product&#038;p=9795"},"modified":"2025-12-05T04:09:32","modified_gmt":"2025-12-05T03:09:32","slug":"1919-tanacskoztarsasagi-arckepek-allo-vizjeles-sor-teljes-postatiszta-ivekben-phu-3-000-000-ft","status":"publish","type":"product","link":"https:\/\/stampcurio.com\/hu\/termek\/1919-tanacskoztarsasagi-arckepek-allo-vizjeles-sor-teljes-postatiszta-ivekben-phu-3-000-000-ft\/","title":{"rendered":"1919 Tan\u00e1csk\u00f6zt\u00e1rsas\u00e1gi arck\u00e9pek \u00e1ll\u00f3 v\u00edzjeles sor teljes postatiszta ** \u00edvekben PHu: 3.000.000 Ft"},"content":{"rendered":"","protected":false},"excerpt":{"rendered":"","protected":false},"featured_media":9813,"template":"","meta":[],"product_brand":[],"product_cat":[73],"product_tag":[1044,116,176],"class_list":{"0":"post-9795","1":"product","2":"type-product","3":"status-publish","4":"has-post-thumbnail","6":"product_cat-magyarorszag-1st","7":"product_tag-1st-auction-hu","8":"product_tag-belyeg","9":"product_tag-philagem","10":"pa_catalog_id-978","12":"first","13":"outofstock","14":"sold-individually","15":"shipping-taxable","16":"product-type-simple"},"_links":{"self":[{"href":"https:\/\/stampcurio.com\/hu\/wp-json\/wp\/v2\/product\/9795","targetHints":{"allow":["GET"]}}],"collection":[{"href":"https:\/\/stampcurio.com\/hu\/wp-json\/wp\/v2\/product"}],"about":[{"href":"https:\/\/stampcurio.com\/hu\/wp-json\/wp\/v2\/types\/product"}],"wp:featuredmedia":[{"embeddable":true,"href":"https:\/\/stampcurio.com\/hu\/wp-json\/wp\/v2\/media\/9813"}],"wp:attachment":[{"href":"https:\/\/stampcurio.com\/hu\/wp-json\/wp\/v2\/media?parent=9795"}],"wp:term":[{"taxonomy":"product_brand","embeddable":true,"href":"https:\/\/stampcurio.com\/hu\/wp-json\/wp\/v2\/product_brand?post=9795"},{"taxonomy":"product_cat","embeddable":true,"href":"https:\/\/stampcurio.com\/hu\/wp-json\/wp\/v2\/product_cat?post=9795"},{"taxonomy":"product_tag","embeddable":true,"href":"https:\/\/stampcurio.com\/hu\/wp-json\/wp\/v2\/product_tag?post=9795"}],"curies":[{"name":"wp","href":"https:\/\/api.w.org\/{rel}","templated":true}]}}