{"id":9786,"date":"2023-11-29T12:10:34","date_gmt":"2023-11-29T11:10:34","guid":{"rendered":"http:\/\/stampcurio.com\/?post_type=product&#038;p=9786"},"modified":"2025-12-05T04:09:33","modified_gmt":"2025-12-05T03:09:33","slug":"1861-ausztria-radnitzky-esszek-12-kulonfele-szinben","status":"publish","type":"product","link":"https:\/\/stampcurio.com\/hu\/termek\/1861-ausztria-radnitzky-esszek-12-kulonfele-szinben\/","title":{"rendered":"1861 Ausztria &#8211; Radnitzky essz\u00e9k 12 k\u00fcl\u00f6nf\u00e9le sz\u00ednben"},"content":{"rendered":"","protected":false},"excerpt":{"rendered":"<p>Az essz\u00e9k a ki\u00e1ll\u00edt\u00e1si lapr\u00f3l s\u00e9r\u00fcl\u00e9smentesen leszedhet\u0151k.<\/p>\n","protected":false},"featured_media":9787,"template":"","meta":[],"product_brand":[],"product_cat":[60,73],"product_tag":[1044,116,1008],"class_list":{"0":"post-9786","1":"product","2":"type-product","3":"status-publish","4":"has-post-thumbnail","6":"product_cat-ausztria-1st","7":"product_cat-magyarorszag-1st","8":"product_tag-1st-auction-hu","9":"product_tag-belyeg","10":"product_tag-ebay","11":"pa_catalog_id-977","13":"first","14":"instock","15":"sold-individually","16":"shipping-taxable","17":"product-type-simple"},"_links":{"self":[{"href":"https:\/\/stampcurio.com\/hu\/wp-json\/wp\/v2\/product\/9786","targetHints":{"allow":["GET"]}}],"collection":[{"href":"https:\/\/stampcurio.com\/hu\/wp-json\/wp\/v2\/product"}],"about":[{"href":"https:\/\/stampcurio.com\/hu\/wp-json\/wp\/v2\/types\/product"}],"wp:featuredmedia":[{"embeddable":true,"href":"https:\/\/stampcurio.com\/hu\/wp-json\/wp\/v2\/media\/9787"}],"wp:attachment":[{"href":"https:\/\/stampcurio.com\/hu\/wp-json\/wp\/v2\/media?parent=9786"}],"wp:term":[{"taxonomy":"product_brand","embeddable":true,"href":"https:\/\/stampcurio.com\/hu\/wp-json\/wp\/v2\/product_brand?post=9786"},{"taxonomy":"product_cat","embeddable":true,"href":"https:\/\/stampcurio.com\/hu\/wp-json\/wp\/v2\/product_cat?post=9786"},{"taxonomy":"product_tag","embeddable":true,"href":"https:\/\/stampcurio.com\/hu\/wp-json\/wp\/v2\/product_tag?post=9786"}],"curies":[{"name":"wp","href":"https:\/\/api.w.org\/{rel}","templated":true}]}}