{"id":9750,"date":"2023-11-29T11:42:35","date_gmt":"2023-11-29T10:42:35","guid":{"rendered":"http:\/\/stampcurio.com\/?post_type=product&#038;p=9750"},"modified":"2025-12-05T04:09:33","modified_gmt":"2025-12-05T03:09:33","slug":"1934-magyarorszag-europai-utlevel-benyomott-50f-okirati-illetekkel","status":"publish","type":"product","link":"https:\/\/stampcurio.com\/hu\/termek\/1934-magyarorszag-europai-utlevel-benyomott-50f-okirati-illetekkel\/","title":{"rendered":"1934 Magyarorsz\u00e1g &#8211; eur\u00f3pai utlev\u00e9l, benyomott 50f okirati illet\u00e9kkel"},"content":{"rendered":"","protected":false},"excerpt":{"rendered":"","protected":false},"featured_media":9769,"template":"","meta":[],"product_brand":[],"product_cat":[73],"product_tag":[1044,74,282],"class_list":{"0":"post-9750","1":"product","2":"type-product","3":"status-publish","4":"has-post-thumbnail","6":"product_cat-magyarorszag-1st","7":"product_tag-1st-auction-hu","8":"product_tag-dijjegyes","9":"product_tag-okmanybelyeg","10":"pa_catalog_id-976","12":"first","13":"outofstock","14":"sold-individually","15":"shipping-taxable","16":"product-type-simple"},"_links":{"self":[{"href":"https:\/\/stampcurio.com\/hu\/wp-json\/wp\/v2\/product\/9750","targetHints":{"allow":["GET"]}}],"collection":[{"href":"https:\/\/stampcurio.com\/hu\/wp-json\/wp\/v2\/product"}],"about":[{"href":"https:\/\/stampcurio.com\/hu\/wp-json\/wp\/v2\/types\/product"}],"wp:featuredmedia":[{"embeddable":true,"href":"https:\/\/stampcurio.com\/hu\/wp-json\/wp\/v2\/media\/9769"}],"wp:attachment":[{"href":"https:\/\/stampcurio.com\/hu\/wp-json\/wp\/v2\/media?parent=9750"}],"wp:term":[{"taxonomy":"product_brand","embeddable":true,"href":"https:\/\/stampcurio.com\/hu\/wp-json\/wp\/v2\/product_brand?post=9750"},{"taxonomy":"product_cat","embeddable":true,"href":"https:\/\/stampcurio.com\/hu\/wp-json\/wp\/v2\/product_cat?post=9750"},{"taxonomy":"product_tag","embeddable":true,"href":"https:\/\/stampcurio.com\/hu\/wp-json\/wp\/v2\/product_tag?post=9750"}],"curies":[{"name":"wp","href":"https:\/\/api.w.org\/{rel}","templated":true}]}}