{"id":9719,"date":"2023-11-29T11:15:56","date_gmt":"2023-11-29T10:15:56","guid":{"rendered":"http:\/\/stampcurio.com\/?post_type=product&#038;p=9719"},"modified":"2025-12-05T04:09:33","modified_gmt":"2025-12-05T03:09:33","slug":"1901-hongkong-kezzel-festett-dijjegyes-kepeslap-forditott-iranyu-4cents-felulnyomassal-k-u-k-sambuchi-fregatt-kapitany","status":"publish","type":"product","link":"https:\/\/stampcurio.com\/hu\/termek\/1901-hongkong-kezzel-festett-dijjegyes-kepeslap-forditott-iranyu-4cents-felulnyomassal-k-u-k-sambuchi-fregatt-kapitany\/","title":{"rendered":"1901 Hongkong k\u00e9zzel festett d\u00edjjegyes k\u00e9peslap &#8211; ford\u00edtott ir\u00e1ny\u00fa 4cents fel\u00fclnyom\u00e1ssal &#8211; k. u. k. Sambuchi fregatt kapit\u00e1ny"},"content":{"rendered":"","protected":false},"excerpt":{"rendered":"<p>A k\u00e9zzel festett d\u00edjjegyes lapot Victor Ritter Bless von Sambuchi kapit\u00e1ny k\u00fcldte Magyarorsz\u00e1gra Tam\u00e1ssy B\u00e9la regiments commandantnak.<\/p>\n<p>Alul szakad\u00e1s a b\u00e9lyegen horzsol\u00e1snyom, de m\u00e9g \u00edgy is rendk\u00edv\u00fcl l\u00e1tv\u00e1nyos darab.<\/p>\n","protected":false},"featured_media":9742,"template":"","meta":[],"product_brand":[],"product_cat":[60,180,974,207,73],"product_tag":[1044,74,97,176,89,208],"class_list":{"0":"post-9719","1":"product","2":"type-product","3":"status-publish","4":"has-post-thumbnail","6":"product_cat-ausztria-1st","7":"product_cat-egyesult-kiralysag-1st","8":"product_cat-hongkong-1st","9":"product_cat-kina-1st","10":"product_cat-magyarorszag-1st","11":"product_tag-1st-auction-hu","12":"product_tag-dijjegyes","13":"product_tag-kepeslap","14":"product_tag-philagem","15":"product_tag-postatortenet","16":"product_tag-tabori-posta","17":"pa_catalog_id-973","19":"first","20":"outofstock","21":"sold-individually","22":"shipping-taxable","23":"product-type-simple"},"_links":{"self":[{"href":"https:\/\/stampcurio.com\/hu\/wp-json\/wp\/v2\/product\/9719","targetHints":{"allow":["GET"]}}],"collection":[{"href":"https:\/\/stampcurio.com\/hu\/wp-json\/wp\/v2\/product"}],"about":[{"href":"https:\/\/stampcurio.com\/hu\/wp-json\/wp\/v2\/types\/product"}],"wp:featuredmedia":[{"embeddable":true,"href":"https:\/\/stampcurio.com\/hu\/wp-json\/wp\/v2\/media\/9742"}],"wp:attachment":[{"href":"https:\/\/stampcurio.com\/hu\/wp-json\/wp\/v2\/media?parent=9719"}],"wp:term":[{"taxonomy":"product_brand","embeddable":true,"href":"https:\/\/stampcurio.com\/hu\/wp-json\/wp\/v2\/product_brand?post=9719"},{"taxonomy":"product_cat","embeddable":true,"href":"https:\/\/stampcurio.com\/hu\/wp-json\/wp\/v2\/product_cat?post=9719"},{"taxonomy":"product_tag","embeddable":true,"href":"https:\/\/stampcurio.com\/hu\/wp-json\/wp\/v2\/product_tag?post=9719"}],"curies":[{"name":"wp","href":"https:\/\/api.w.org\/{rel}","templated":true}]}}