{"id":9715,"date":"2023-11-29T10:34:06","date_gmt":"2023-11-29T09:34:06","guid":{"rendered":"http:\/\/stampcurio.com\/?post_type=product&#038;p=9715"},"modified":"2025-12-05T04:09:34","modified_gmt":"2025-12-05T03:09:34","slug":"1842-ddsg-ritkan-lathato-nussdorfi-nyomtatvany","status":"publish","type":"product","link":"https:\/\/stampcurio.com\/hu\/termek\/1842-ddsg-ritkan-lathato-nussdorfi-nyomtatvany\/","title":{"rendered":"1842 DDSG ritk\u00e1n l\u00e1that\u00f3 nussdorfi nyomtatv\u00e1ny"},"content":{"rendered":"","protected":false},"excerpt":{"rendered":"","protected":false},"featured_media":12057,"template":"","meta":[],"product_brand":[],"product_cat":[60,73,105],"product_tag":[1044,323],"class_list":{"0":"post-9715","1":"product","2":"type-product","3":"status-publish","4":"has-post-thumbnail","6":"product_cat-ausztria-1st","7":"product_cat-magyarorszag-1st","8":"product_cat-romania-1st","9":"product_tag-1st-auction-hu","10":"product_tag-ddsg","11":"pa_catalog_id-972","13":"first","14":"outofstock","15":"sold-individually","16":"shipping-taxable","17":"product-type-simple"},"_links":{"self":[{"href":"https:\/\/stampcurio.com\/hu\/wp-json\/wp\/v2\/product\/9715","targetHints":{"allow":["GET"]}}],"collection":[{"href":"https:\/\/stampcurio.com\/hu\/wp-json\/wp\/v2\/product"}],"about":[{"href":"https:\/\/stampcurio.com\/hu\/wp-json\/wp\/v2\/types\/product"}],"wp:featuredmedia":[{"embeddable":true,"href":"https:\/\/stampcurio.com\/hu\/wp-json\/wp\/v2\/media\/12057"}],"wp:attachment":[{"href":"https:\/\/stampcurio.com\/hu\/wp-json\/wp\/v2\/media?parent=9715"}],"wp:term":[{"taxonomy":"product_brand","embeddable":true,"href":"https:\/\/stampcurio.com\/hu\/wp-json\/wp\/v2\/product_brand?post=9715"},{"taxonomy":"product_cat","embeddable":true,"href":"https:\/\/stampcurio.com\/hu\/wp-json\/wp\/v2\/product_cat?post=9715"},{"taxonomy":"product_tag","embeddable":true,"href":"https:\/\/stampcurio.com\/hu\/wp-json\/wp\/v2\/product_tag?post=9715"}],"curies":[{"name":"wp","href":"https:\/\/api.w.org\/{rel}","templated":true}]}}