{"id":9710,"date":"2023-11-29T00:33:38","date_gmt":"2023-11-28T23:33:38","guid":{"rendered":"http:\/\/stampcurio.com\/?post_type=product&#038;p=9710"},"modified":"2025-12-05T04:09:34","modified_gmt":"2025-12-05T03:09:34","slug":"1951-magyarorszag-80-eves-a-magyar-belyeg-lila-blokkpar-valoban-futott-fdc-phu-900-000-ft","status":"publish","type":"product","link":"https:\/\/stampcurio.com\/hu\/termek\/1951-magyarorszag-80-eves-a-magyar-belyeg-lila-blokkpar-valoban-futott-fdc-phu-900-000-ft\/","title":{"rendered":"1951. Magyarorsz\u00e1g &#8211; 80 \u00e9ves a magyar b\u00e9lyeg &#8211; lila blokkp\u00e1r val\u00f3ban futott FDC  (!) PHu: 900.000++ Ft"},"content":{"rendered":"","protected":false},"excerpt":{"rendered":"<p>A legritk\u00e1bb FDC a korszakban, p\u00e1r darab l\u00e9tezhet csup\u00e1n.<\/p>\n","protected":false},"featured_media":1577,"template":"","meta":[],"product_brand":[],"product_cat":[73],"product_tag":[1044,116,100,176],"class_list":{"0":"post-9710","1":"product","2":"type-product","3":"status-publish","4":"has-post-thumbnail","6":"product_cat-magyarorszag-1st","7":"product_tag-1st-auction-hu","8":"product_tag-belyeg","9":"product_tag-fdc","10":"product_tag-philagem","11":"pa_catalog_id-971","13":"first","14":"outofstock","15":"sold-individually","16":"shipping-taxable","17":"product-type-simple"},"_links":{"self":[{"href":"https:\/\/stampcurio.com\/hu\/wp-json\/wp\/v2\/product\/9710","targetHints":{"allow":["GET"]}}],"collection":[{"href":"https:\/\/stampcurio.com\/hu\/wp-json\/wp\/v2\/product"}],"about":[{"href":"https:\/\/stampcurio.com\/hu\/wp-json\/wp\/v2\/types\/product"}],"wp:featuredmedia":[{"embeddable":true,"href":"https:\/\/stampcurio.com\/hu\/wp-json\/wp\/v2\/media\/1577"}],"wp:attachment":[{"href":"https:\/\/stampcurio.com\/hu\/wp-json\/wp\/v2\/media?parent=9710"}],"wp:term":[{"taxonomy":"product_brand","embeddable":true,"href":"https:\/\/stampcurio.com\/hu\/wp-json\/wp\/v2\/product_brand?post=9710"},{"taxonomy":"product_cat","embeddable":true,"href":"https:\/\/stampcurio.com\/hu\/wp-json\/wp\/v2\/product_cat?post=9710"},{"taxonomy":"product_tag","embeddable":true,"href":"https:\/\/stampcurio.com\/hu\/wp-json\/wp\/v2\/product_tag?post=9710"}],"curies":[{"name":"wp","href":"https:\/\/api.w.org\/{rel}","templated":true}]}}