{"id":9691,"date":"2023-11-29T00:14:11","date_gmt":"2023-11-28T23:14:11","guid":{"rendered":"http:\/\/stampcurio.com\/?post_type=product&#038;p=9691"},"modified":"2025-12-05T04:09:34","modified_gmt":"2025-12-05T03:09:34","slug":"1921-nyugat-magyarorszag-vii-10-k-postatiszta-kilencestomb-3-6-a-kozepso-belyeg-forditott-allasban-bodor-garanciajellel","status":"publish","type":"product","link":"https:\/\/stampcurio.com\/hu\/termek\/1921-nyugat-magyarorszag-vii-10-k-postatiszta-kilencestomb-3-6-a-kozepso-belyeg-forditott-allasban-bodor-garanciajellel\/","title":{"rendered":"1921 Nyugat-Magyarorsz\u00e1g VII. 10 K postatiszta kilencest\u00f6mb 3*\/6**, a k\u00f6z\u00e9ps\u0151 b\u00e9lyeg ford\u00edtott \u00e1ll\u00e1sban \u2013 Bodor garanciajellel"},"content":{"rendered":"","protected":false},"excerpt":{"rendered":"","protected":false},"featured_media":12063,"template":"","meta":[],"product_brand":[],"product_cat":[60,73],"product_tag":[1044,116,217],"class_list":{"0":"post-9691","1":"product","2":"type-product","3":"status-publish","4":"has-post-thumbnail","6":"product_cat-ausztria-1st","7":"product_cat-magyarorszag-1st","8":"product_tag-1st-auction-hu","9":"product_tag-belyeg","10":"product_tag-tevnyomat","11":"pa_catalog_id-970","13":"first","14":"outofstock","15":"sold-individually","16":"shipping-taxable","17":"product-type-simple"},"_links":{"self":[{"href":"https:\/\/stampcurio.com\/hu\/wp-json\/wp\/v2\/product\/9691","targetHints":{"allow":["GET"]}}],"collection":[{"href":"https:\/\/stampcurio.com\/hu\/wp-json\/wp\/v2\/product"}],"about":[{"href":"https:\/\/stampcurio.com\/hu\/wp-json\/wp\/v2\/types\/product"}],"wp:featuredmedia":[{"embeddable":true,"href":"https:\/\/stampcurio.com\/hu\/wp-json\/wp\/v2\/media\/12063"}],"wp:attachment":[{"href":"https:\/\/stampcurio.com\/hu\/wp-json\/wp\/v2\/media?parent=9691"}],"wp:term":[{"taxonomy":"product_brand","embeddable":true,"href":"https:\/\/stampcurio.com\/hu\/wp-json\/wp\/v2\/product_brand?post=9691"},{"taxonomy":"product_cat","embeddable":true,"href":"https:\/\/stampcurio.com\/hu\/wp-json\/wp\/v2\/product_cat?post=9691"},{"taxonomy":"product_tag","embeddable":true,"href":"https:\/\/stampcurio.com\/hu\/wp-json\/wp\/v2\/product_tag?post=9691"}],"curies":[{"name":"wp","href":"https:\/\/api.w.org\/{rel}","templated":true}]}}