{"id":9689,"date":"2023-11-29T00:10:03","date_gmt":"2023-11-28T23:10:03","guid":{"rendered":"http:\/\/stampcurio.com\/?post_type=product&#038;p=9689"},"modified":"2025-12-05T04:09:35","modified_gmt":"2025-12-05T03:09:35","slug":"1919-koztarsasag-porto-50f-forditott-ertekszammal-es-felulnyomattal-postatisza-phu-30-000-ft","status":"publish","type":"product","link":"https:\/\/stampcurio.com\/hu\/termek\/1919-koztarsasag-porto-50f-forditott-ertekszammal-es-felulnyomattal-postatisza-phu-30-000-ft\/","title":{"rendered":"1919 K\u00d6ZT\u00c1RSAS\u00c1G port\u00f3 50f ford\u00edtott \u00e9rt\u00e9ksz\u00e1mmal \u00e9s fel\u00fclnyomattal postatisza * PHu 30.000 ft"},"content":{"rendered":"","protected":false},"excerpt":{"rendered":"","protected":false},"featured_media":9541,"template":"","meta":[],"product_brand":[],"product_cat":[73],"product_tag":[1044,116,108,217],"class_list":{"0":"post-9689","1":"product","2":"type-product","3":"status-publish","4":"has-post-thumbnail","6":"product_cat-magyarorszag-1st","7":"product_tag-1st-auction-hu","8":"product_tag-belyeg","9":"product_tag-porto","10":"product_tag-tevnyomat","11":"pa_catalog_id-969","13":"first","14":"outofstock","15":"sold-individually","16":"shipping-taxable","17":"product-type-simple"},"_links":{"self":[{"href":"https:\/\/stampcurio.com\/hu\/wp-json\/wp\/v2\/product\/9689","targetHints":{"allow":["GET"]}}],"collection":[{"href":"https:\/\/stampcurio.com\/hu\/wp-json\/wp\/v2\/product"}],"about":[{"href":"https:\/\/stampcurio.com\/hu\/wp-json\/wp\/v2\/types\/product"}],"wp:featuredmedia":[{"embeddable":true,"href":"https:\/\/stampcurio.com\/hu\/wp-json\/wp\/v2\/media\/9541"}],"wp:attachment":[{"href":"https:\/\/stampcurio.com\/hu\/wp-json\/wp\/v2\/media?parent=9689"}],"wp:term":[{"taxonomy":"product_brand","embeddable":true,"href":"https:\/\/stampcurio.com\/hu\/wp-json\/wp\/v2\/product_brand?post=9689"},{"taxonomy":"product_cat","embeddable":true,"href":"https:\/\/stampcurio.com\/hu\/wp-json\/wp\/v2\/product_cat?post=9689"},{"taxonomy":"product_tag","embeddable":true,"href":"https:\/\/stampcurio.com\/hu\/wp-json\/wp\/v2\/product_tag?post=9689"}],"curies":[{"name":"wp","href":"https:\/\/api.w.org\/{rel}","templated":true}]}}