{"id":9646,"date":"2023-11-28T23:32:16","date_gmt":"2023-11-28T22:32:16","guid":{"rendered":"http:\/\/stampcurio.com\/?post_type=product&#038;p=9646"},"modified":"2025-12-05T04:09:38","modified_gmt":"2025-12-05T03:09:38","slug":"1850-ausztria-9kr-hp-i-tipus-magistrat-77-scheerding-belyegzes-muller-120p-ferchenbauer-1-szamu-lemezhiba-350-eur-pruf-goller","status":"publish","type":"product","link":"https:\/\/stampcurio.com\/hu\/termek\/1850-ausztria-9kr-hp-i-tipus-magistrat-77-scheerding-belyegzes-muller-120p-ferchenbauer-1-szamu-lemezhiba-350-eur-pruf-goller\/","title":{"rendered":"1850 Ausztria 9kr HP I. tipus Magistrat 77. &#8211; SCHEERDING b\u00e9lyegz\u00e9s M\u00fcller 120p &#8211; Ferchenbauer 1. sz\u00e1m\u00fa lemezhiba \/ 350 EUR &#8211; Pr\u00fcf Goller"},"content":{"rendered":"","protected":false},"excerpt":{"rendered":"","protected":false},"featured_media":9647,"template":"","meta":[],"product_brand":[],"product_cat":[60],"product_tag":[1044,116,67,176,217],"class_list":{"0":"post-9646","1":"product","2":"type-product","3":"status-publish","4":"has-post-thumbnail","6":"product_cat-ausztria-1st","7":"product_tag-1st-auction-hu","8":"product_tag-belyeg","9":"product_tag-marcofilatelia","10":"product_tag-philagem","11":"product_tag-tevnyomat","12":"pa_catalog_id-959","14":"first","15":"outofstock","16":"sold-individually","17":"shipping-taxable","18":"product-type-simple"},"_links":{"self":[{"href":"https:\/\/stampcurio.com\/hu\/wp-json\/wp\/v2\/product\/9646","targetHints":{"allow":["GET"]}}],"collection":[{"href":"https:\/\/stampcurio.com\/hu\/wp-json\/wp\/v2\/product"}],"about":[{"href":"https:\/\/stampcurio.com\/hu\/wp-json\/wp\/v2\/types\/product"}],"wp:featuredmedia":[{"embeddable":true,"href":"https:\/\/stampcurio.com\/hu\/wp-json\/wp\/v2\/media\/9647"}],"wp:attachment":[{"href":"https:\/\/stampcurio.com\/hu\/wp-json\/wp\/v2\/media?parent=9646"}],"wp:term":[{"taxonomy":"product_brand","embeddable":true,"href":"https:\/\/stampcurio.com\/hu\/wp-json\/wp\/v2\/product_brand?post=9646"},{"taxonomy":"product_cat","embeddable":true,"href":"https:\/\/stampcurio.com\/hu\/wp-json\/wp\/v2\/product_cat?post=9646"},{"taxonomy":"product_tag","embeddable":true,"href":"https:\/\/stampcurio.com\/hu\/wp-json\/wp\/v2\/product_tag?post=9646"}],"curies":[{"name":"wp","href":"https:\/\/api.w.org\/{rel}","templated":true}]}}