{"id":9615,"date":"2023-11-28T22:47:15","date_gmt":"2023-11-28T21:47:15","guid":{"rendered":"http:\/\/stampcurio.com\/?post_type=product&#038;p=9615"},"modified":"2025-12-05T04:09:41","modified_gmt":"2025-12-05T03:09:41","slug":"1850-ausztria-9kr-hp-i-tipus-a-9-s-also-allasban-caschau-belyegzes-kivagason-pruf-goller","status":"publish","type":"product","link":"https:\/\/stampcurio.com\/hu\/termek\/1850-ausztria-9kr-hp-i-tipus-a-9-s-also-allasban-caschau-belyegzes-kivagason-pruf-goller\/","title":{"rendered":"1850 Ausztria 9kr HP I. tipus &#8211; a 9-s als\u00f3 \u00e1ll\u00e1sban &#8211; CASCHAU b\u00e9lyegz\u00e9s kiv\u00e1g\u00e1son &#8211; Pr\u00fcf Goller"},"content":{"rendered":"","protected":false},"excerpt":{"rendered":"","protected":false},"featured_media":10893,"template":"","meta":[],"product_brand":[],"product_cat":[60,73,193],"product_tag":[1044,116,1008,67],"class_list":{"0":"post-9615","1":"product","2":"type-product","3":"status-publish","4":"has-post-thumbnail","6":"product_cat-ausztria-1st","7":"product_cat-magyarorszag-1st","8":"product_cat-szlovakia-1st","9":"product_tag-1st-auction-hu","10":"product_tag-belyeg","11":"product_tag-ebay","12":"product_tag-marcofilatelia","13":"pa_catalog_id-951","15":"first","16":"instock","17":"sold-individually","18":"shipping-taxable","19":"product-type-simple"},"_links":{"self":[{"href":"https:\/\/stampcurio.com\/hu\/wp-json\/wp\/v2\/product\/9615","targetHints":{"allow":["GET"]}}],"collection":[{"href":"https:\/\/stampcurio.com\/hu\/wp-json\/wp\/v2\/product"}],"about":[{"href":"https:\/\/stampcurio.com\/hu\/wp-json\/wp\/v2\/types\/product"}],"wp:featuredmedia":[{"embeddable":true,"href":"https:\/\/stampcurio.com\/hu\/wp-json\/wp\/v2\/media\/10893"}],"wp:attachment":[{"href":"https:\/\/stampcurio.com\/hu\/wp-json\/wp\/v2\/media?parent=9615"}],"wp:term":[{"taxonomy":"product_brand","embeddable":true,"href":"https:\/\/stampcurio.com\/hu\/wp-json\/wp\/v2\/product_brand?post=9615"},{"taxonomy":"product_cat","embeddable":true,"href":"https:\/\/stampcurio.com\/hu\/wp-json\/wp\/v2\/product_cat?post=9615"},{"taxonomy":"product_tag","embeddable":true,"href":"https:\/\/stampcurio.com\/hu\/wp-json\/wp\/v2\/product_tag?post=9615"}],"curies":[{"name":"wp","href":"https:\/\/api.w.org\/{rel}","templated":true}]}}