{"id":9605,"date":"2023-11-28T22:34:11","date_gmt":"2023-11-28T21:34:11","guid":{"rendered":"http:\/\/stampcurio.com\/?post_type=product&#038;p=9605"},"modified":"2025-12-05T04:09:42","modified_gmt":"2025-12-05T03:09:42","slug":"1887-ddsg-50kr-postatiszta-belyeg-a-kek-szin-gepszinatnyomataval-a-hatoldalon","status":"publish","type":"product","link":"https:\/\/stampcurio.com\/hu\/termek\/1887-ddsg-50kr-postatiszta-belyeg-a-kek-szin-gepszinatnyomataval-a-hatoldalon\/","title":{"rendered":"1887 DDSG 50kr postatiszta * b\u00e9lyeg a k\u00e9k sz\u00edn g\u00e9psz\u00edn\u00e1tnyomat\u00e1val a h\u00e1toldalon"},"content":{"rendered":"","protected":false},"excerpt":{"rendered":"<p>A b\u00e9lyeg k\u00e9poldalon, az\u00e9rt fekete mert s\u00e1rga alapsz\u00ednre nyomtak k\u00e9k sz\u00ednnel, \u00edgy kapt\u00e1k a feket\u00e9t, a g\u00e9pszin\u00e1tnyomat a verz\u00f3n viszont meg\u0151rizte az eredeti k\u00e9k sz\u00ednt.<\/p>\n<p>A tetej\u00e9n betapad\u00e1snyom, kis elv\u00e9konyod\u00e1s.<\/p>\n","protected":false},"featured_media":9367,"template":"","meta":[],"product_brand":[],"product_cat":[60,73,105],"product_tag":[1044,116,282,288,217],"class_list":{"0":"post-9605","1":"product","2":"type-product","3":"status-publish","4":"has-post-thumbnail","6":"product_cat-ausztria-1st","7":"product_cat-magyarorszag-1st","8":"product_cat-romania-1st","9":"product_tag-1st-auction-hu","10":"product_tag-belyeg","11":"product_tag-okmanybelyeg","12":"product_tag-parafilatelia","13":"product_tag-tevnyomat","14":"pa_catalog_id-948","16":"first","17":"outofstock","18":"sold-individually","19":"shipping-taxable","20":"product-type-simple"},"_links":{"self":[{"href":"https:\/\/stampcurio.com\/hu\/wp-json\/wp\/v2\/product\/9605","targetHints":{"allow":["GET"]}}],"collection":[{"href":"https:\/\/stampcurio.com\/hu\/wp-json\/wp\/v2\/product"}],"about":[{"href":"https:\/\/stampcurio.com\/hu\/wp-json\/wp\/v2\/types\/product"}],"wp:featuredmedia":[{"embeddable":true,"href":"https:\/\/stampcurio.com\/hu\/wp-json\/wp\/v2\/media\/9367"}],"wp:attachment":[{"href":"https:\/\/stampcurio.com\/hu\/wp-json\/wp\/v2\/media?parent=9605"}],"wp:term":[{"taxonomy":"product_brand","embeddable":true,"href":"https:\/\/stampcurio.com\/hu\/wp-json\/wp\/v2\/product_brand?post=9605"},{"taxonomy":"product_cat","embeddable":true,"href":"https:\/\/stampcurio.com\/hu\/wp-json\/wp\/v2\/product_cat?post=9605"},{"taxonomy":"product_tag","embeddable":true,"href":"https:\/\/stampcurio.com\/hu\/wp-json\/wp\/v2\/product_tag?post=9605"}],"curies":[{"name":"wp","href":"https:\/\/api.w.org\/{rel}","templated":true}]}}