{"id":9603,"date":"2023-11-28T22:27:44","date_gmt":"2023-11-28T21:27:44","guid":{"rendered":"http:\/\/stampcurio.com\/?post_type=product&#038;p=9603"},"modified":"2025-12-05T04:09:43","modified_gmt":"2025-12-05T03:09:43","slug":"1850-ausztria-lombard-velence-45c-mp-iii-tipus-115mm-szeles-ivszelel-mantova-belyegzes-ferchenbauer-160-eur-pruf-goller","status":"publish","type":"product","link":"https:\/\/stampcurio.com\/hu\/termek\/1850-ausztria-lombard-velence-45c-mp-iii-tipus-115mm-szeles-ivszelel-mantova-belyegzes-ferchenbauer-160-eur-pruf-goller\/","title":{"rendered":"1850 Ausztria Lombard-Velence 45c MP III. tipus 11,5mm sz\u00e9les \u00edvsz\u00e9lel &#8211; MANTOVA b\u00e9lyegz\u00e9s &#8211; Ferchenbauer 160 EUR &#8211; Pr\u00fcf Goller"},"content":{"rendered":"","protected":false},"excerpt":{"rendered":"<p>Enyhe hajt\u00e1snyom az \u00edvsz\u00e9len.<\/p>\n","protected":false},"featured_media":12108,"template":"","meta":[],"product_brand":[],"product_cat":[60,86],"product_tag":[1044,116,67,217],"class_list":{"0":"post-9603","1":"product","2":"type-product","3":"status-publish","4":"has-post-thumbnail","6":"product_cat-ausztria-1st","7":"product_cat-olaszorszag-1st","8":"product_tag-1st-auction-hu","9":"product_tag-belyeg","10":"product_tag-marcofilatelia","11":"product_tag-tevnyomat","12":"pa_catalog_id-947","14":"first","15":"outofstock","16":"sold-individually","17":"shipping-taxable","18":"product-type-simple"},"_links":{"self":[{"href":"https:\/\/stampcurio.com\/hu\/wp-json\/wp\/v2\/product\/9603","targetHints":{"allow":["GET"]}}],"collection":[{"href":"https:\/\/stampcurio.com\/hu\/wp-json\/wp\/v2\/product"}],"about":[{"href":"https:\/\/stampcurio.com\/hu\/wp-json\/wp\/v2\/types\/product"}],"wp:featuredmedia":[{"embeddable":true,"href":"https:\/\/stampcurio.com\/hu\/wp-json\/wp\/v2\/media\/12108"}],"wp:attachment":[{"href":"https:\/\/stampcurio.com\/hu\/wp-json\/wp\/v2\/media?parent=9603"}],"wp:term":[{"taxonomy":"product_brand","embeddable":true,"href":"https:\/\/stampcurio.com\/hu\/wp-json\/wp\/v2\/product_brand?post=9603"},{"taxonomy":"product_cat","embeddable":true,"href":"https:\/\/stampcurio.com\/hu\/wp-json\/wp\/v2\/product_cat?post=9603"},{"taxonomy":"product_tag","embeddable":true,"href":"https:\/\/stampcurio.com\/hu\/wp-json\/wp\/v2\/product_tag?post=9603"}],"curies":[{"name":"wp","href":"https:\/\/api.w.org\/{rel}","templated":true}]}}