{"id":9594,"date":"2023-11-28T22:19:55","date_gmt":"2023-11-28T21:19:55","guid":{"rendered":"http:\/\/stampcurio.com\/?post_type=product&#038;p=9594"},"modified":"2025-12-05T04:09:43","modified_gmt":"2025-12-05T03:09:43","slug":"1858-ausztria-15kr-i-tipus-elfogazas-nagy-andraskereszt-vegzodessel-2-mm-ferchenbauer-120-eur","status":"publish","type":"product","link":"https:\/\/stampcurio.com\/hu\/termek\/1858-ausztria-15kr-i-tipus-elfogazas-nagy-andraskereszt-vegzodessel-2-mm-ferchenbauer-120-eur\/","title":{"rendered":"1858 Ausztria 15kr I. tipus elfogaz\u00e1s, nagy andr\u00e1skereszt v\u00e9gz\u0151d\u00e9ssel 2+ mm &#8211; Ferchenbauer 120 EUR"},"content":{"rendered":"","protected":false},"excerpt":{"rendered":"<p>Foghiba.<\/p>\n","protected":false},"featured_media":12106,"template":"","meta":[],"product_brand":[],"product_cat":[60,239,78,73,105,193,402],"product_tag":[1044,116,217],"class_list":{"0":"post-9594","1":"product","2":"type-product","3":"status-publish","4":"has-post-thumbnail","6":"product_cat-ausztria-1st","7":"product_cat-csehorszag-1st","8":"product_cat-horvatorszag-1st","9":"product_cat-magyarorszag-1st","10":"product_cat-romania-1st","11":"product_cat-szlovakia-1st","12":"product_cat-szlovenia-1st","13":"product_tag-1st-auction-hu","14":"product_tag-belyeg","15":"product_tag-tevnyomat","16":"pa_catalog_id-946","18":"first","19":"outofstock","20":"sold-individually","21":"shipping-taxable","22":"product-type-simple"},"_links":{"self":[{"href":"https:\/\/stampcurio.com\/hu\/wp-json\/wp\/v2\/product\/9594","targetHints":{"allow":["GET"]}}],"collection":[{"href":"https:\/\/stampcurio.com\/hu\/wp-json\/wp\/v2\/product"}],"about":[{"href":"https:\/\/stampcurio.com\/hu\/wp-json\/wp\/v2\/types\/product"}],"wp:featuredmedia":[{"embeddable":true,"href":"https:\/\/stampcurio.com\/hu\/wp-json\/wp\/v2\/media\/12106"}],"wp:attachment":[{"href":"https:\/\/stampcurio.com\/hu\/wp-json\/wp\/v2\/media?parent=9594"}],"wp:term":[{"taxonomy":"product_brand","embeddable":true,"href":"https:\/\/stampcurio.com\/hu\/wp-json\/wp\/v2\/product_brand?post=9594"},{"taxonomy":"product_cat","embeddable":true,"href":"https:\/\/stampcurio.com\/hu\/wp-json\/wp\/v2\/product_cat?post=9594"},{"taxonomy":"product_tag","embeddable":true,"href":"https:\/\/stampcurio.com\/hu\/wp-json\/wp\/v2\/product_tag?post=9594"}],"curies":[{"name":"wp","href":"https:\/\/api.w.org\/{rel}","templated":true}]}}