{"id":9591,"date":"2023-11-28T22:04:05","date_gmt":"2023-11-28T21:04:05","guid":{"rendered":"http:\/\/stampcurio.com\/?post_type=product&#038;p=9591"},"modified":"2025-12-05T04:09:44","modified_gmt":"2025-12-05T03:09:44","slug":"1850-ausztria-9kr-hp-i-tipus-magistrat-225-kis-lemezhibak-linz-belyegzes-pruf-goller","status":"publish","type":"product","link":"https:\/\/stampcurio.com\/hu\/termek\/1850-ausztria-9kr-hp-i-tipus-magistrat-225-kis-lemezhibak-linz-belyegzes-pruf-goller\/","title":{"rendered":"1850 Ausztria 9kr HP I. tipus Magistrat 225. &#8211; kis lemezhib\u00e1k &#8211;  LINZ b\u00e9lyegz\u00e9s &#8211; Pr\u00fcf Goller"},"content":{"rendered":"","protected":false},"excerpt":{"rendered":"","protected":false},"featured_media":9337,"template":"","meta":[],"product_brand":[],"product_cat":[60],"product_tag":[1044,116,67,217,1006],"class_list":{"0":"post-9591","1":"product","2":"type-product","3":"status-publish","4":"has-post-thumbnail","6":"product_cat-ausztria-1st","7":"product_tag-1st-auction-hu","8":"product_tag-belyeg","9":"product_tag-marcofilatelia","10":"product_tag-tevnyomat","11":"product_tag-unsold","12":"pa_catalog_id-944","14":"first","15":"instock","16":"sold-individually","17":"shipping-taxable","18":"product-type-simple"},"_links":{"self":[{"href":"https:\/\/stampcurio.com\/hu\/wp-json\/wp\/v2\/product\/9591","targetHints":{"allow":["GET"]}}],"collection":[{"href":"https:\/\/stampcurio.com\/hu\/wp-json\/wp\/v2\/product"}],"about":[{"href":"https:\/\/stampcurio.com\/hu\/wp-json\/wp\/v2\/types\/product"}],"wp:featuredmedia":[{"embeddable":true,"href":"https:\/\/stampcurio.com\/hu\/wp-json\/wp\/v2\/media\/9337"}],"wp:attachment":[{"href":"https:\/\/stampcurio.com\/hu\/wp-json\/wp\/v2\/media?parent=9591"}],"wp:term":[{"taxonomy":"product_brand","embeddable":true,"href":"https:\/\/stampcurio.com\/hu\/wp-json\/wp\/v2\/product_brand?post=9591"},{"taxonomy":"product_cat","embeddable":true,"href":"https:\/\/stampcurio.com\/hu\/wp-json\/wp\/v2\/product_cat?post=9591"},{"taxonomy":"product_tag","embeddable":true,"href":"https:\/\/stampcurio.com\/hu\/wp-json\/wp\/v2\/product_tag?post=9591"}],"curies":[{"name":"wp","href":"https:\/\/api.w.org\/{rel}","templated":true}]}}