{"id":9589,"date":"2023-11-28T21:58:04","date_gmt":"2023-11-28T20:58:04","guid":{"rendered":"http:\/\/stampcurio.com\/?post_type=product&#038;p=9589"},"modified":"2025-12-05T04:09:44","modified_gmt":"2025-12-05T03:09:44","slug":"1858-1868-ausztria-magyarorszag-papirrancos-illetekbelyegek","status":"publish","type":"product","link":"https:\/\/stampcurio.com\/hu\/termek\/1858-1868-ausztria-magyarorszag-papirrancos-illetekbelyegek\/","title":{"rendered":"1858-1868 Ausztria &#8211; Magyarorsz\u00e1g pap\u00edrr\u00e1ncos illet\u00e9kb\u00e9lyegek"},"content":{"rendered":"","protected":false},"excerpt":{"rendered":"","protected":false},"featured_media":12102,"template":"","meta":[],"product_brand":[],"product_cat":[60,239,78,73,105],"product_tag":[1044,282,217],"class_list":{"0":"post-9589","1":"product","2":"type-product","3":"status-publish","4":"has-post-thumbnail","6":"product_cat-ausztria-1st","7":"product_cat-csehorszag-1st","8":"product_cat-horvatorszag-1st","9":"product_cat-magyarorszag-1st","10":"product_cat-romania-1st","11":"product_tag-1st-auction-hu","12":"product_tag-okmanybelyeg","13":"product_tag-tevnyomat","14":"pa_catalog_id-943","16":"first","17":"outofstock","18":"sold-individually","19":"shipping-taxable","20":"product-type-simple"},"_links":{"self":[{"href":"https:\/\/stampcurio.com\/hu\/wp-json\/wp\/v2\/product\/9589","targetHints":{"allow":["GET"]}}],"collection":[{"href":"https:\/\/stampcurio.com\/hu\/wp-json\/wp\/v2\/product"}],"about":[{"href":"https:\/\/stampcurio.com\/hu\/wp-json\/wp\/v2\/types\/product"}],"wp:featuredmedia":[{"embeddable":true,"href":"https:\/\/stampcurio.com\/hu\/wp-json\/wp\/v2\/media\/12102"}],"wp:attachment":[{"href":"https:\/\/stampcurio.com\/hu\/wp-json\/wp\/v2\/media?parent=9589"}],"wp:term":[{"taxonomy":"product_brand","embeddable":true,"href":"https:\/\/stampcurio.com\/hu\/wp-json\/wp\/v2\/product_brand?post=9589"},{"taxonomy":"product_cat","embeddable":true,"href":"https:\/\/stampcurio.com\/hu\/wp-json\/wp\/v2\/product_cat?post=9589"},{"taxonomy":"product_tag","embeddable":true,"href":"https:\/\/stampcurio.com\/hu\/wp-json\/wp\/v2\/product_tag?post=9589"}],"curies":[{"name":"wp","href":"https:\/\/api.w.org\/{rel}","templated":true}]}}