{"id":9587,"date":"2023-11-28T21:54:20","date_gmt":"2023-11-28T20:54:20","guid":{"rendered":"http:\/\/stampcurio.com\/?post_type=product&#038;p=9587"},"modified":"2025-12-05T04:09:45","modified_gmt":"2025-12-05T03:09:45","slug":"1858-ausztria-illetekbelyeg-szep-papirranncal-mely-a-kozepresznyomas-kozben-szetnyilt-igy-a-kozepresznyomat-elcsuszva-a-rancban-is-lathato","status":"publish","type":"product","link":"https:\/\/stampcurio.com\/hu\/termek\/1858-ausztria-illetekbelyeg-szep-papirranncal-mely-a-kozepresznyomas-kozben-szetnyilt-igy-a-kozepresznyomat-elcsuszva-a-rancban-is-lathato\/","title":{"rendered":"1858 Ausztria illet\u00e9kb\u00e9lyeg sz\u00e9p pap\u00edrr\u00e1nncal, mely a k\u00f6z\u00e9pr\u00e9sznyom\u00e1s k\u00f6zben sz\u00e9tnyilt, \u00edgy a k\u00f6z\u00e9pr\u00e9sznyomat elcs\u00faszva a r\u00e1ncban is l\u00e1that\u00f3"},"content":{"rendered":"","protected":false},"excerpt":{"rendered":"<p>Nagyon ritk\u00e1n l\u00e1that\u00f3 \u00e9rdekess\u00e9g, a r\u00e1ncban a k\u00f6z\u00e9pr\u00e9sz lenyomata kaleidoszk\u00f3pszer\u0171en elny\u00falva l\u00e1that\u00f3.<\/p>\n","protected":false},"featured_media":12100,"template":"","meta":[],"product_brand":[],"product_cat":[60,73],"product_tag":[1044,282,217],"class_list":{"0":"post-9587","1":"product","2":"type-product","3":"status-publish","4":"has-post-thumbnail","6":"product_cat-ausztria-1st","7":"product_cat-magyarorszag-1st","8":"product_tag-1st-auction-hu","9":"product_tag-okmanybelyeg","10":"product_tag-tevnyomat","11":"pa_catalog_id-942","13":"first","14":"outofstock","15":"sold-individually","16":"shipping-taxable","17":"product-type-simple"},"_links":{"self":[{"href":"https:\/\/stampcurio.com\/hu\/wp-json\/wp\/v2\/product\/9587","targetHints":{"allow":["GET"]}}],"collection":[{"href":"https:\/\/stampcurio.com\/hu\/wp-json\/wp\/v2\/product"}],"about":[{"href":"https:\/\/stampcurio.com\/hu\/wp-json\/wp\/v2\/types\/product"}],"wp:featuredmedia":[{"embeddable":true,"href":"https:\/\/stampcurio.com\/hu\/wp-json\/wp\/v2\/media\/12100"}],"wp:attachment":[{"href":"https:\/\/stampcurio.com\/hu\/wp-json\/wp\/v2\/media?parent=9587"}],"wp:term":[{"taxonomy":"product_brand","embeddable":true,"href":"https:\/\/stampcurio.com\/hu\/wp-json\/wp\/v2\/product_brand?post=9587"},{"taxonomy":"product_cat","embeddable":true,"href":"https:\/\/stampcurio.com\/hu\/wp-json\/wp\/v2\/product_cat?post=9587"},{"taxonomy":"product_tag","embeddable":true,"href":"https:\/\/stampcurio.com\/hu\/wp-json\/wp\/v2\/product_tag?post=9587"}],"curies":[{"name":"wp","href":"https:\/\/api.w.org\/{rel}","templated":true}]}}