{"id":9584,"date":"2023-11-28T21:40:11","date_gmt":"2023-11-28T20:40:11","guid":{"rendered":"http:\/\/stampcurio.com\/?post_type=product&#038;p=9584"},"modified":"2025-12-05T04:09:45","modified_gmt":"2025-12-05T03:09:45","slug":"1919-partosfalva-prosznyakfa-provizorium-tarifahelyes-ajanlott-levelezesi-lap-hollandiaba-kuldve-matzenau-levelezes","status":"publish","type":"product","link":"https:\/\/stampcurio.com\/hu\/termek\/1919-partosfalva-prosznyakfa-provizorium-tarifahelyes-ajanlott-levelezesi-lap-hollandiaba-kuldve-matzenau-levelezes\/","title":{"rendered":"1919 P\u00c1RTOSFALVA \/ PROSZNY\u00c1KFA proviz\u00f3rium tarifahelyes aj\u00e1nlott levelez\u00e9si lap Hollandi\u00e1ba k\u00fcldve Matzenau levelez\u00e9s"},"content":{"rendered":"","protected":false},"excerpt":{"rendered":"","protected":false},"featured_media":9316,"template":"","meta":[],"product_brand":[],"product_cat":[78,73,135,402],"product_tag":[1044,116,74,176,89,256],"class_list":{"0":"post-9584","1":"product","2":"type-product","3":"status-publish","4":"has-post-thumbnail","6":"product_cat-horvatorszag-1st","7":"product_cat-magyarorszag-1st","8":"product_cat-szerbia-1st","9":"product_cat-szlovenia-1st","10":"product_tag-1st-auction-hu","11":"product_tag-belyeg","12":"product_tag-dijjegyes","13":"product_tag-philagem","14":"product_tag-postatortenet","15":"product_tag-provizorium","16":"pa_catalog_id-941","18":"first","19":"outofstock","20":"sold-individually","21":"shipping-taxable","22":"product-type-simple"},"_links":{"self":[{"href":"https:\/\/stampcurio.com\/hu\/wp-json\/wp\/v2\/product\/9584","targetHints":{"allow":["GET"]}}],"collection":[{"href":"https:\/\/stampcurio.com\/hu\/wp-json\/wp\/v2\/product"}],"about":[{"href":"https:\/\/stampcurio.com\/hu\/wp-json\/wp\/v2\/types\/product"}],"wp:featuredmedia":[{"embeddable":true,"href":"https:\/\/stampcurio.com\/hu\/wp-json\/wp\/v2\/media\/9316"}],"wp:attachment":[{"href":"https:\/\/stampcurio.com\/hu\/wp-json\/wp\/v2\/media?parent=9584"}],"wp:term":[{"taxonomy":"product_brand","embeddable":true,"href":"https:\/\/stampcurio.com\/hu\/wp-json\/wp\/v2\/product_brand?post=9584"},{"taxonomy":"product_cat","embeddable":true,"href":"https:\/\/stampcurio.com\/hu\/wp-json\/wp\/v2\/product_cat?post=9584"},{"taxonomy":"product_tag","embeddable":true,"href":"https:\/\/stampcurio.com\/hu\/wp-json\/wp\/v2\/product_tag?post=9584"}],"curies":[{"name":"wp","href":"https:\/\/api.w.org\/{rel}","templated":true}]}}