{"id":9582,"date":"2023-11-28T21:26:48","date_gmt":"2023-11-28T20:26:48","guid":{"rendered":"http:\/\/stampcurio.com\/?post_type=product&#038;p=9582"},"modified":"2025-12-05T04:09:46","modified_gmt":"2025-12-05T03:09:46","slug":"1861-ausztria-10kr-dijjegyes-boritek-kivagas-levelen-cseklesz-belyegzes-muller-35p-gudlin-400p-ferchenbauer-1250-eur","status":"publish","type":"product","link":"https:\/\/stampcurio.com\/hu\/termek\/1861-ausztria-10kr-dijjegyes-boritek-kivagas-levelen-cseklesz-belyegzes-muller-35p-gudlin-400p-ferchenbauer-1250-eur\/","title":{"rendered":"1861 Ausztria 10kr d\u00edjjegyes bor\u00edt\u00e9k kiv\u00e1g\u00e1s lev\u00e9len CSEKL\u00c9SZ b\u00e9lyegz\u00e9s &#8211; M\u00fcller 35p Gudlin 400p &#8211; Ferchenbauer 1250 EUR"},"content":{"rendered":"","protected":false},"excerpt":{"rendered":"<p>A b\u00e9lyegen \u00e1tmen\u0151 hajt\u00e1snyom.<\/p>\n","protected":false},"featured_media":9304,"template":"","meta":[],"product_brand":[],"product_cat":[60,73,193],"product_tag":[1044,116,452,74,67,89],"class_list":{"0":"post-9582","1":"product","2":"type-product","3":"status-publish","4":"has-post-thumbnail","6":"product_cat-ausztria-1st","7":"product_cat-magyarorszag-1st","8":"product_cat-szlovakia-1st","9":"product_tag-1st-auction-hu","10":"product_tag-belyeg","11":"product_tag-csalard-bermentesites","12":"product_tag-dijjegyes","13":"product_tag-marcofilatelia","14":"product_tag-postatortenet","15":"pa_catalog_id-940","17":"first","18":"outofstock","19":"sold-individually","20":"shipping-taxable","21":"product-type-simple"},"_links":{"self":[{"href":"https:\/\/stampcurio.com\/hu\/wp-json\/wp\/v2\/product\/9582","targetHints":{"allow":["GET"]}}],"collection":[{"href":"https:\/\/stampcurio.com\/hu\/wp-json\/wp\/v2\/product"}],"about":[{"href":"https:\/\/stampcurio.com\/hu\/wp-json\/wp\/v2\/types\/product"}],"wp:featuredmedia":[{"embeddable":true,"href":"https:\/\/stampcurio.com\/hu\/wp-json\/wp\/v2\/media\/9304"}],"wp:attachment":[{"href":"https:\/\/stampcurio.com\/hu\/wp-json\/wp\/v2\/media?parent=9582"}],"wp:term":[{"taxonomy":"product_brand","embeddable":true,"href":"https:\/\/stampcurio.com\/hu\/wp-json\/wp\/v2\/product_brand?post=9582"},{"taxonomy":"product_cat","embeddable":true,"href":"https:\/\/stampcurio.com\/hu\/wp-json\/wp\/v2\/product_cat?post=9582"},{"taxonomy":"product_tag","embeddable":true,"href":"https:\/\/stampcurio.com\/hu\/wp-json\/wp\/v2\/product_tag?post=9582"}],"curies":[{"name":"wp","href":"https:\/\/api.w.org\/{rel}","templated":true}]}}