{"id":9573,"date":"2023-11-28T21:11:55","date_gmt":"2023-11-28T20:11:55","guid":{"rendered":"http:\/\/stampcurio.com\/?post_type=product&#038;p=9573"},"modified":"2025-12-05T04:09:47","modified_gmt":"2025-12-05T03:09:47","slug":"1850-ausztria-9kr-hp-i-tipus-magistrat-p190-levelen-ferchenbauer-66-szamu-lemezhiba-170-eur-pruf-goller","status":"publish","type":"product","link":"https:\/\/stampcurio.com\/hu\/termek\/1850-ausztria-9kr-hp-i-tipus-magistrat-p190-levelen-ferchenbauer-66-szamu-lemezhiba-170-eur-pruf-goller\/","title":{"rendered":"1850 Ausztria 9kr HP I. tipus Magistrat P190 lev\u00e9len &#8211; Ferchenbauer 66. sz\u00e1m\u00fa lemezhiba \/ 170 EUR  &#8211; Pr\u00fcf Goller"},"content":{"rendered":"","protected":false},"excerpt":{"rendered":"","protected":false},"featured_media":9575,"template":"","meta":[],"product_brand":[],"product_cat":[60,73],"product_tag":[1044,116,67,89,217],"class_list":{"0":"post-9573","1":"product","2":"type-product","3":"status-publish","4":"has-post-thumbnail","6":"product_cat-ausztria-1st","7":"product_cat-magyarorszag-1st","8":"product_tag-1st-auction-hu","9":"product_tag-belyeg","10":"product_tag-marcofilatelia","11":"product_tag-postatortenet","12":"product_tag-tevnyomat","13":"pa_catalog_id-938","15":"first","16":"outofstock","17":"sold-individually","18":"shipping-taxable","19":"product-type-simple"},"_links":{"self":[{"href":"https:\/\/stampcurio.com\/hu\/wp-json\/wp\/v2\/product\/9573","targetHints":{"allow":["GET"]}}],"collection":[{"href":"https:\/\/stampcurio.com\/hu\/wp-json\/wp\/v2\/product"}],"about":[{"href":"https:\/\/stampcurio.com\/hu\/wp-json\/wp\/v2\/types\/product"}],"wp:featuredmedia":[{"embeddable":true,"href":"https:\/\/stampcurio.com\/hu\/wp-json\/wp\/v2\/media\/9575"}],"wp:attachment":[{"href":"https:\/\/stampcurio.com\/hu\/wp-json\/wp\/v2\/media?parent=9573"}],"wp:term":[{"taxonomy":"product_brand","embeddable":true,"href":"https:\/\/stampcurio.com\/hu\/wp-json\/wp\/v2\/product_brand?post=9573"},{"taxonomy":"product_cat","embeddable":true,"href":"https:\/\/stampcurio.com\/hu\/wp-json\/wp\/v2\/product_cat?post=9573"},{"taxonomy":"product_tag","embeddable":true,"href":"https:\/\/stampcurio.com\/hu\/wp-json\/wp\/v2\/product_tag?post=9573"}],"curies":[{"name":"wp","href":"https:\/\/api.w.org\/{rel}","templated":true}]}}