{"id":9572,"date":"2023-11-28T21:03:53","date_gmt":"2023-11-28T20:03:53","guid":{"rendered":"http:\/\/stampcurio.com\/?post_type=product&#038;p=9572"},"modified":"2025-12-05T04:09:47","modified_gmt":"2025-12-05T03:09:47","slug":"1850-ausztria-3kr-hp-i-tipus-rozsaszin-kiemelt-kozepresz-szegelylec-lenyomat-vekony-papiron-007-mm-nagy-enyed-lebelyegzes-attest-goller","status":"publish","type":"product","link":"https:\/\/stampcurio.com\/hu\/termek\/1850-ausztria-3kr-hp-i-tipus-rozsaszin-kiemelt-kozepresz-szegelylec-lenyomat-vekony-papiron-007-mm-nagy-enyed-lebelyegzes-attest-goller\/","title":{"rendered":"1850 Ausztria 3kr HP I. tipus rozsasz\u00edn, kiemelt k\u00f6z\u00e9pr\u00e9sz, szeg\u00e9lyl\u00e9c lenyomat, v\u00e9kony pap\u00edron 0,07 mm &#8211; NAGY-ENYED leb\u00e9lyegz\u00e9s &#8211; Attest Goller"},"content":{"rendered":"","protected":false},"excerpt":{"rendered":"","protected":false},"featured_media":9265,"template":"","meta":[],"product_brand":[],"product_cat":[60,73,105],"product_tag":[1044,116,217,1006],"class_list":{"0":"post-9572","1":"product","2":"type-product","3":"status-publish","4":"has-post-thumbnail","6":"product_cat-ausztria-1st","7":"product_cat-magyarorszag-1st","8":"product_cat-romania-1st","9":"product_tag-1st-auction-hu","10":"product_tag-belyeg","11":"product_tag-tevnyomat","12":"product_tag-unsold","13":"pa_catalog_id-937","15":"first","16":"instock","17":"sold-individually","18":"shipping-taxable","19":"product-type-simple"},"_links":{"self":[{"href":"https:\/\/stampcurio.com\/hu\/wp-json\/wp\/v2\/product\/9572","targetHints":{"allow":["GET"]}}],"collection":[{"href":"https:\/\/stampcurio.com\/hu\/wp-json\/wp\/v2\/product"}],"about":[{"href":"https:\/\/stampcurio.com\/hu\/wp-json\/wp\/v2\/types\/product"}],"wp:featuredmedia":[{"embeddable":true,"href":"https:\/\/stampcurio.com\/hu\/wp-json\/wp\/v2\/media\/9265"}],"wp:attachment":[{"href":"https:\/\/stampcurio.com\/hu\/wp-json\/wp\/v2\/media?parent=9572"}],"wp:term":[{"taxonomy":"product_brand","embeddable":true,"href":"https:\/\/stampcurio.com\/hu\/wp-json\/wp\/v2\/product_brand?post=9572"},{"taxonomy":"product_cat","embeddable":true,"href":"https:\/\/stampcurio.com\/hu\/wp-json\/wp\/v2\/product_cat?post=9572"},{"taxonomy":"product_tag","embeddable":true,"href":"https:\/\/stampcurio.com\/hu\/wp-json\/wp\/v2\/product_tag?post=9572"}],"curies":[{"name":"wp","href":"https:\/\/api.w.org\/{rel}","templated":true}]}}