{"id":9564,"date":"2023-11-28T20:33:50","date_gmt":"2023-11-28T19:33:50","guid":{"rendered":"http:\/\/stampcurio.com\/?post_type=product&#038;p=9564"},"modified":"2025-12-05T04:09:48","modified_gmt":"2025-12-05T03:09:48","slug":"1850-ausztria-9kr-hp-i-tipus-magistrat-70-index-10-9-k-tavolsag-08mm-lemezhiba-bistritz-belyegzes-ferchenbauer-180-eur-attest-goller","status":"publish","type":"product","link":"https:\/\/stampcurio.com\/hu\/termek\/1850-ausztria-9kr-hp-i-tipus-magistrat-70-index-10-9-k-tavolsag-08mm-lemezhiba-bistritz-belyegzes-ferchenbauer-180-eur-attest-goller\/","title":{"rendered":"1850 Ausztria 9kr HP I. tipus Magistrat 70. \/ Index 10, 9-K t\u00e1vols\u00e1g 0,8mm &#8211; lemezhiba &#8211; BISTRITZ b\u00e9lyegz\u00e9s &#8211; Ferchenbauer 180 EUR &#8211; Attest Goller"},"content":{"rendered":"","protected":false},"excerpt":{"rendered":"","protected":false},"featured_media":9229,"template":"","meta":[],"product_brand":[],"product_cat":[60,73,105],"product_tag":[1044,116,217],"class_list":{"0":"post-9564","1":"product","2":"type-product","3":"status-publish","4":"has-post-thumbnail","6":"product_cat-ausztria-1st","7":"product_cat-magyarorszag-1st","8":"product_cat-romania-1st","9":"product_tag-1st-auction-hu","10":"product_tag-belyeg","11":"product_tag-tevnyomat","12":"pa_catalog_id-934","14":"first","15":"outofstock","16":"sold-individually","17":"shipping-taxable","18":"product-type-simple"},"_links":{"self":[{"href":"https:\/\/stampcurio.com\/hu\/wp-json\/wp\/v2\/product\/9564","targetHints":{"allow":["GET"]}}],"collection":[{"href":"https:\/\/stampcurio.com\/hu\/wp-json\/wp\/v2\/product"}],"about":[{"href":"https:\/\/stampcurio.com\/hu\/wp-json\/wp\/v2\/types\/product"}],"wp:featuredmedia":[{"embeddable":true,"href":"https:\/\/stampcurio.com\/hu\/wp-json\/wp\/v2\/media\/9229"}],"wp:attachment":[{"href":"https:\/\/stampcurio.com\/hu\/wp-json\/wp\/v2\/media?parent=9564"}],"wp:term":[{"taxonomy":"product_brand","embeddable":true,"href":"https:\/\/stampcurio.com\/hu\/wp-json\/wp\/v2\/product_brand?post=9564"},{"taxonomy":"product_cat","embeddable":true,"href":"https:\/\/stampcurio.com\/hu\/wp-json\/wp\/v2\/product_cat?post=9564"},{"taxonomy":"product_tag","embeddable":true,"href":"https:\/\/stampcurio.com\/hu\/wp-json\/wp\/v2\/product_tag?post=9564"}],"curies":[{"name":"wp","href":"https:\/\/api.w.org\/{rel}","templated":true}]}}