{"id":9193,"date":"2023-11-28T19:20:39","date_gmt":"2023-11-28T18:20:39","guid":{"rendered":"http:\/\/stampcurio.com\/?post_type=product&#038;p=9193"},"modified":"2025-12-05T04:09:49","modified_gmt":"2025-12-05T03:09:49","slug":"1860-cdv-fotografiaja-a-fobb-europai-belyegekrol","status":"publish","type":"product","link":"https:\/\/stampcurio.com\/hu\/termek\/1860-cdv-fotografiaja-a-fobb-europai-belyegekrol\/","title":{"rendered":"1860 CDV fotogr\u00e1fi\u00e1ja a f\u0151bb eur\u00f3pai b\u00e9lyegekr\u0151l"},"content":{"rendered":"","protected":false},"excerpt":{"rendered":"","protected":false},"featured_media":11951,"template":"","meta":[],"product_brand":[],"product_cat":[60,263,435,927,122,285,156,96,928,113,436,124,327,437,107,136],"product_tag":[1044,176],"class_list":{"0":"post-9193","1":"product","2":"type-product","3":"status-publish","4":"has-post-thumbnail","6":"product_cat-ausztria-1st","7":"product_cat-belgium-1st","8":"product_cat-dania-1st","9":"product_cat-finnorszag-1st","10":"product_cat-franciaorszag-1st","11":"product_cat-gorogorszag-1st","12":"product_cat-hollandia-1st","13":"product_cat-lengyelorszag-1st","14":"product_cat-luxemburg-1st","15":"product_cat-nemetorszag-1st","16":"product_cat-norvegia-1st","17":"product_cat-oroszorszag-1st","18":"product_cat-portugalia-1st","19":"product_cat-spanyolorszag-1st","20":"product_cat-svajc-1st","21":"product_cat-svedorszag-1st","22":"product_tag-1st-auction-hu","23":"product_tag-philagem","24":"pa_catalog_id-931","26":"first","27":"outofstock","28":"sold-individually","29":"shipping-taxable","30":"product-type-simple"},"_links":{"self":[{"href":"https:\/\/stampcurio.com\/hu\/wp-json\/wp\/v2\/product\/9193","targetHints":{"allow":["GET"]}}],"collection":[{"href":"https:\/\/stampcurio.com\/hu\/wp-json\/wp\/v2\/product"}],"about":[{"href":"https:\/\/stampcurio.com\/hu\/wp-json\/wp\/v2\/types\/product"}],"wp:featuredmedia":[{"embeddable":true,"href":"https:\/\/stampcurio.com\/hu\/wp-json\/wp\/v2\/media\/11951"}],"wp:attachment":[{"href":"https:\/\/stampcurio.com\/hu\/wp-json\/wp\/v2\/media?parent=9193"}],"wp:term":[{"taxonomy":"product_brand","embeddable":true,"href":"https:\/\/stampcurio.com\/hu\/wp-json\/wp\/v2\/product_brand?post=9193"},{"taxonomy":"product_cat","embeddable":true,"href":"https:\/\/stampcurio.com\/hu\/wp-json\/wp\/v2\/product_cat?post=9193"},{"taxonomy":"product_tag","embeddable":true,"href":"https:\/\/stampcurio.com\/hu\/wp-json\/wp\/v2\/product_tag?post=9193"}],"curies":[{"name":"wp","href":"https:\/\/api.w.org\/{rel}","templated":true}]}}