{"id":9154,"date":"2023-11-28T18:06:44","date_gmt":"2023-11-28T17:06:44","guid":{"rendered":"http:\/\/stampcurio.com\/?post_type=product&#038;p=9154"},"modified":"2025-12-05T04:09:50","modified_gmt":"2025-12-05T03:09:50","slug":"1850-ausztria-3kr-hp-ib-tipus-rozsaszin-par-kiemelt-kozepresszel-leitmomischl-belyegzes-muller-12p-ferchenbauer-160-eur-attest-goller","status":"publish","type":"product","link":"https:\/\/stampcurio.com\/hu\/termek\/1850-ausztria-3kr-hp-ib-tipus-rozsaszin-par-kiemelt-kozepresszel-leitmomischl-belyegzes-muller-12p-ferchenbauer-160-eur-attest-goller\/","title":{"rendered":"1850 Ausztria 3kr HP Ib tipus r\u00f3zsasz\u00edn p\u00e1r kiemelt k\u00f6z\u00e9pr\u00e9sszel &#8211; LEITMOMISCHL b\u00e9lyegz\u00e9s M\u00fcller 12p &#8211; Ferchenbauer 160+ EUR &#8211; Attest Goller"},"content":{"rendered":"","protected":false},"excerpt":{"rendered":"","protected":false},"featured_media":9048,"template":"","meta":[],"product_brand":[],"product_cat":[60,239],"product_tag":[1044,116,1008,67,217],"class_list":{"0":"post-9154","1":"product","2":"type-product","3":"status-publish","4":"has-post-thumbnail","6":"product_cat-ausztria-1st","7":"product_cat-csehorszag-1st","8":"product_tag-1st-auction-hu","9":"product_tag-belyeg","10":"product_tag-ebay","11":"product_tag-marcofilatelia","12":"product_tag-tevnyomat","13":"pa_catalog_id-926","15":"first","16":"instock","17":"sold-individually","18":"shipping-taxable","19":"product-type-simple"},"_links":{"self":[{"href":"https:\/\/stampcurio.com\/hu\/wp-json\/wp\/v2\/product\/9154","targetHints":{"allow":["GET"]}}],"collection":[{"href":"https:\/\/stampcurio.com\/hu\/wp-json\/wp\/v2\/product"}],"about":[{"href":"https:\/\/stampcurio.com\/hu\/wp-json\/wp\/v2\/types\/product"}],"wp:featuredmedia":[{"embeddable":true,"href":"https:\/\/stampcurio.com\/hu\/wp-json\/wp\/v2\/media\/9048"}],"wp:attachment":[{"href":"https:\/\/stampcurio.com\/hu\/wp-json\/wp\/v2\/media?parent=9154"}],"wp:term":[{"taxonomy":"product_brand","embeddable":true,"href":"https:\/\/stampcurio.com\/hu\/wp-json\/wp\/v2\/product_brand?post=9154"},{"taxonomy":"product_cat","embeddable":true,"href":"https:\/\/stampcurio.com\/hu\/wp-json\/wp\/v2\/product_cat?post=9154"},{"taxonomy":"product_tag","embeddable":true,"href":"https:\/\/stampcurio.com\/hu\/wp-json\/wp\/v2\/product_tag?post=9154"}],"curies":[{"name":"wp","href":"https:\/\/api.w.org\/{rel}","templated":true}]}}