{"id":9144,"date":"2023-11-28T17:46:20","date_gmt":"2023-11-28T16:46:20","guid":{"rendered":"http:\/\/stampcurio.com\/?post_type=product&#038;p=9144"},"modified":"2025-12-05T04:09:51","modified_gmt":"2025-12-05T03:09:51","slug":"1850-ausztria-3kr-hp-i-b-tipus-rozsaszin-tirnau-lebelyegzes-ferchenbauer-92c-szamu-lemezhiba-175-eur-attest-goller","status":"publish","type":"product","link":"https:\/\/stampcurio.com\/hu\/termek\/1850-ausztria-3kr-hp-i-b-tipus-rozsaszin-tirnau-lebelyegzes-ferchenbauer-92c-szamu-lemezhiba-175-eur-attest-goller\/","title":{"rendered":"1850 Ausztria 3kr HP I.b tipus r\u00f3zsasz\u00edn &#8211; TIRNAU leb\u00e9lyegz\u00e9s &#8211; Ferchenbauer 92c. sz\u00e1m\u00fa lemezhiba \/ 175 EUR Attest Goller"},"content":{"rendered":"","protected":false},"excerpt":{"rendered":"","protected":false},"featured_media":9000,"template":"","meta":[],"product_brand":[],"product_cat":[60,73,193],"product_tag":[1044,116,217],"class_list":{"0":"post-9144","1":"product","2":"type-product","3":"status-publish","4":"has-post-thumbnail","6":"product_cat-ausztria-1st","7":"product_cat-magyarorszag-1st","8":"product_cat-szlovakia-1st","9":"product_tag-1st-auction-hu","10":"product_tag-belyeg","11":"product_tag-tevnyomat","12":"pa_catalog_id-922","14":"first","15":"instock","16":"sold-individually","17":"shipping-taxable","18":"product-type-simple"},"_links":{"self":[{"href":"https:\/\/stampcurio.com\/hu\/wp-json\/wp\/v2\/product\/9144","targetHints":{"allow":["GET"]}}],"collection":[{"href":"https:\/\/stampcurio.com\/hu\/wp-json\/wp\/v2\/product"}],"about":[{"href":"https:\/\/stampcurio.com\/hu\/wp-json\/wp\/v2\/types\/product"}],"wp:featuredmedia":[{"embeddable":true,"href":"https:\/\/stampcurio.com\/hu\/wp-json\/wp\/v2\/media\/9000"}],"wp:attachment":[{"href":"https:\/\/stampcurio.com\/hu\/wp-json\/wp\/v2\/media?parent=9144"}],"wp:term":[{"taxonomy":"product_brand","embeddable":true,"href":"https:\/\/stampcurio.com\/hu\/wp-json\/wp\/v2\/product_brand?post=9144"},{"taxonomy":"product_cat","embeddable":true,"href":"https:\/\/stampcurio.com\/hu\/wp-json\/wp\/v2\/product_cat?post=9144"},{"taxonomy":"product_tag","embeddable":true,"href":"https:\/\/stampcurio.com\/hu\/wp-json\/wp\/v2\/product_tag?post=9144"}],"curies":[{"name":"wp","href":"https:\/\/api.w.org\/{rel}","templated":true}]}}