{"id":9131,"date":"2023-11-28T17:23:54","date_gmt":"2023-11-28T16:23:54","guid":{"rendered":"http:\/\/stampcurio.com\/?post_type=product&#038;p=9131"},"modified":"2025-12-05T04:09:53","modified_gmt":"2025-12-05T03:09:53","slug":"1850-ausztria-9kr-hp-i-tipus-magistrat-257-a-9-k-tavolsag-04-mm-pesth-belyegzes-ferchenbauer-160-eur-attest-goller","status":"publish","type":"product","link":"https:\/\/stampcurio.com\/hu\/termek\/1850-ausztria-9kr-hp-i-tipus-magistrat-257-a-9-k-tavolsag-04-mm-pesth-belyegzes-ferchenbauer-160-eur-attest-goller\/","title":{"rendered":"1850 Ausztria 9kr HP I. tipus, Magistrat 257., a 9-K t\u00e1vols\u00e1g 0,4 mm &#8211; PESTH b\u00e9lyegz\u00e9s &#8211; Ferchenbauer 160 EUR &#8211; Attest Goller"},"content":{"rendered":"","protected":false},"excerpt":{"rendered":"","protected":false},"featured_media":8929,"template":"","meta":[],"product_brand":[],"product_cat":[60,73],"product_tag":[1044,116],"class_list":{"0":"post-9131","1":"product","2":"type-product","3":"status-publish","4":"has-post-thumbnail","6":"product_cat-ausztria-1st","7":"product_cat-magyarorszag-1st","8":"product_tag-1st-auction-hu","9":"product_tag-belyeg","10":"pa_catalog_id-917","12":"first","13":"outofstock","14":"sold-individually","15":"shipping-taxable","16":"product-type-simple"},"_links":{"self":[{"href":"https:\/\/stampcurio.com\/hu\/wp-json\/wp\/v2\/product\/9131","targetHints":{"allow":["GET"]}}],"collection":[{"href":"https:\/\/stampcurio.com\/hu\/wp-json\/wp\/v2\/product"}],"about":[{"href":"https:\/\/stampcurio.com\/hu\/wp-json\/wp\/v2\/types\/product"}],"wp:featuredmedia":[{"embeddable":true,"href":"https:\/\/stampcurio.com\/hu\/wp-json\/wp\/v2\/media\/8929"}],"wp:attachment":[{"href":"https:\/\/stampcurio.com\/hu\/wp-json\/wp\/v2\/media?parent=9131"}],"wp:term":[{"taxonomy":"product_brand","embeddable":true,"href":"https:\/\/stampcurio.com\/hu\/wp-json\/wp\/v2\/product_brand?post=9131"},{"taxonomy":"product_cat","embeddable":true,"href":"https:\/\/stampcurio.com\/hu\/wp-json\/wp\/v2\/product_cat?post=9131"},{"taxonomy":"product_tag","embeddable":true,"href":"https:\/\/stampcurio.com\/hu\/wp-json\/wp\/v2\/product_tag?post=9131"}],"curies":[{"name":"wp","href":"https:\/\/api.w.org\/{rel}","templated":true}]}}