{"id":9121,"date":"2023-11-28T17:03:41","date_gmt":"2023-11-28T16:03:41","guid":{"rendered":"http:\/\/stampcurio.com\/?post_type=product&#038;p=9121"},"modified":"2025-12-05T04:09:55","modified_gmt":"2025-12-05T03:09:55","slug":"1850-ausztria-3kr-hp-rozsaszin-vastag-papir-012mm-lemezhibak-rosnyo-belyegzes-attest-goller","status":"publish","type":"product","link":"https:\/\/stampcurio.com\/hu\/termek\/1850-ausztria-3kr-hp-rozsaszin-vastag-papir-012mm-lemezhibak-rosnyo-belyegzes-attest-goller\/","title":{"rendered":"1850 Ausztria 3kr HP r\u00f3zsasz\u00edn, vastag pap\u00edr 0,12mm + lemezhib\u00e1k &#8211; ROSNY\u00d3 b\u00e9lyegz\u00e9s &#8211; Attest Goller"},"content":{"rendered":"","protected":false},"excerpt":{"rendered":"","protected":false},"featured_media":8865,"template":"","meta":[],"product_brand":[],"product_cat":[60,73,193],"product_tag":[1044,116,67,217],"class_list":{"0":"post-9121","1":"product","2":"type-product","3":"status-publish","4":"has-post-thumbnail","6":"product_cat-ausztria-1st","7":"product_cat-magyarorszag-1st","8":"product_cat-szlovakia-1st","9":"product_tag-1st-auction-hu","10":"product_tag-belyeg","11":"product_tag-marcofilatelia","12":"product_tag-tevnyomat","13":"pa_catalog_id-912","15":"first","16":"outofstock","17":"sold-individually","18":"shipping-taxable","19":"product-type-simple"},"_links":{"self":[{"href":"https:\/\/stampcurio.com\/hu\/wp-json\/wp\/v2\/product\/9121","targetHints":{"allow":["GET"]}}],"collection":[{"href":"https:\/\/stampcurio.com\/hu\/wp-json\/wp\/v2\/product"}],"about":[{"href":"https:\/\/stampcurio.com\/hu\/wp-json\/wp\/v2\/types\/product"}],"wp:featuredmedia":[{"embeddable":true,"href":"https:\/\/stampcurio.com\/hu\/wp-json\/wp\/v2\/media\/8865"}],"wp:attachment":[{"href":"https:\/\/stampcurio.com\/hu\/wp-json\/wp\/v2\/media?parent=9121"}],"wp:term":[{"taxonomy":"product_brand","embeddable":true,"href":"https:\/\/stampcurio.com\/hu\/wp-json\/wp\/v2\/product_brand?post=9121"},{"taxonomy":"product_cat","embeddable":true,"href":"https:\/\/stampcurio.com\/hu\/wp-json\/wp\/v2\/product_cat?post=9121"},{"taxonomy":"product_tag","embeddable":true,"href":"https:\/\/stampcurio.com\/hu\/wp-json\/wp\/v2\/product_tag?post=9121"}],"curies":[{"name":"wp","href":"https:\/\/api.w.org\/{rel}","templated":true}]}}