{"id":9117,"date":"2023-11-28T16:34:11","date_gmt":"2023-11-28T15:34:11","guid":{"rendered":"http:\/\/stampcurio.com\/?post_type=product&#038;p=9117"},"modified":"2025-12-05T04:09:56","modified_gmt":"2025-12-05T03:09:56","slug":"1850-ausztria-3kr-hp-type-i-kiemelt-kozepresz-selyemgubo-lemezhiba-temesvar-lebelyegzes-attest-goller","status":"publish","type":"product","link":"https:\/\/stampcurio.com\/hu\/termek\/1850-ausztria-3kr-hp-type-i-kiemelt-kozepresz-selyemgubo-lemezhiba-temesvar-lebelyegzes-attest-goller\/","title":{"rendered":"1850 Ausztria 3kr HP type I, kiemelt k\u00f6z\u00e9pr\u00e9sz + &#8220;selyemgub\u00f3&#8221; lemezhiba &#8211; TEMESV\u00c1R leb\u00e9lyegz\u00e9s &#8211; Attest Goller"},"content":{"rendered":"","protected":false},"excerpt":{"rendered":"","protected":false},"featured_media":8841,"template":"","meta":[],"product_brand":[],"product_cat":[60,73,105],"product_tag":[1044,116,67,217],"class_list":{"0":"post-9117","1":"product","2":"type-product","3":"status-publish","4":"has-post-thumbnail","6":"product_cat-ausztria-1st","7":"product_cat-magyarorszag-1st","8":"product_cat-romania-1st","9":"product_tag-1st-auction-hu","10":"product_tag-belyeg","11":"product_tag-marcofilatelia","12":"product_tag-tevnyomat","13":"pa_catalog_id-910","15":"first","16":"outofstock","17":"sold-individually","18":"shipping-taxable","19":"product-type-simple"},"_links":{"self":[{"href":"https:\/\/stampcurio.com\/hu\/wp-json\/wp\/v2\/product\/9117","targetHints":{"allow":["GET"]}}],"collection":[{"href":"https:\/\/stampcurio.com\/hu\/wp-json\/wp\/v2\/product"}],"about":[{"href":"https:\/\/stampcurio.com\/hu\/wp-json\/wp\/v2\/types\/product"}],"wp:featuredmedia":[{"embeddable":true,"href":"https:\/\/stampcurio.com\/hu\/wp-json\/wp\/v2\/media\/8841"}],"wp:attachment":[{"href":"https:\/\/stampcurio.com\/hu\/wp-json\/wp\/v2\/media?parent=9117"}],"wp:term":[{"taxonomy":"product_brand","embeddable":true,"href":"https:\/\/stampcurio.com\/hu\/wp-json\/wp\/v2\/product_brand?post=9117"},{"taxonomy":"product_cat","embeddable":true,"href":"https:\/\/stampcurio.com\/hu\/wp-json\/wp\/v2\/product_cat?post=9117"},{"taxonomy":"product_tag","embeddable":true,"href":"https:\/\/stampcurio.com\/hu\/wp-json\/wp\/v2\/product_tag?post=9117"}],"curies":[{"name":"wp","href":"https:\/\/api.w.org\/{rel}","templated":true}]}}