{"id":9115,"date":"2023-11-28T16:17:07","date_gmt":"2023-11-28T15:17:07","guid":{"rendered":"http:\/\/stampcurio.com\/?post_type=product&#038;p=9115"},"modified":"2025-12-05T04:09:56","modified_gmt":"2025-12-05T03:09:56","slug":"1850-ausztria-3kr-mp-gravurtype-2-2-vilagos-paradicsom-piros-ferchenbauer-75-eur-kormend-belyegzes-attest-goller","status":"publish","type":"product","link":"https:\/\/stampcurio.com\/hu\/termek\/1850-ausztria-3kr-mp-gravurtype-2-2-vilagos-paradicsom-piros-ferchenbauer-75-eur-kormend-belyegzes-attest-goller\/","title":{"rendered":"1850 Ausztria 3kr MP Gravurtype 2-2 vil\u00e1gos paradicsom piros &#8211; Ferchenbauer 75 EUR &#8211; K\u00d6RMEND b\u00e9lyegz\u00e9s &#8211; Attest Goller"},"content":{"rendered":"","protected":false},"excerpt":{"rendered":"","protected":false},"featured_media":8828,"template":"","meta":[],"product_brand":[],"product_cat":[60,73],"product_tag":[1044,116,67,217],"class_list":{"0":"post-9115","1":"product","2":"type-product","3":"status-publish","4":"has-post-thumbnail","6":"product_cat-ausztria-1st","7":"product_cat-magyarorszag-1st","8":"product_tag-1st-auction-hu","9":"product_tag-belyeg","10":"product_tag-marcofilatelia","11":"product_tag-tevnyomat","12":"pa_catalog_id-909","14":"first","15":"outofstock","16":"sold-individually","17":"shipping-taxable","18":"product-type-simple"},"_links":{"self":[{"href":"https:\/\/stampcurio.com\/hu\/wp-json\/wp\/v2\/product\/9115","targetHints":{"allow":["GET"]}}],"collection":[{"href":"https:\/\/stampcurio.com\/hu\/wp-json\/wp\/v2\/product"}],"about":[{"href":"https:\/\/stampcurio.com\/hu\/wp-json\/wp\/v2\/types\/product"}],"wp:featuredmedia":[{"embeddable":true,"href":"https:\/\/stampcurio.com\/hu\/wp-json\/wp\/v2\/media\/8828"}],"wp:attachment":[{"href":"https:\/\/stampcurio.com\/hu\/wp-json\/wp\/v2\/media?parent=9115"}],"wp:term":[{"taxonomy":"product_brand","embeddable":true,"href":"https:\/\/stampcurio.com\/hu\/wp-json\/wp\/v2\/product_brand?post=9115"},{"taxonomy":"product_cat","embeddable":true,"href":"https:\/\/stampcurio.com\/hu\/wp-json\/wp\/v2\/product_cat?post=9115"},{"taxonomy":"product_tag","embeddable":true,"href":"https:\/\/stampcurio.com\/hu\/wp-json\/wp\/v2\/product_tag?post=9115"}],"curies":[{"name":"wp","href":"https:\/\/api.w.org\/{rel}","templated":true}]}}