{"id":9109,"date":"2023-11-28T16:06:14","date_gmt":"2023-11-28T15:06:14","guid":{"rendered":"http:\/\/stampcurio.com\/?post_type=product&#038;p=9109"},"modified":"2025-12-05T04:09:57","modified_gmt":"2025-12-05T03:09:57","slug":"1850-ausztria-9kr-hp-i-tipus-ket-belyeg-bistritz-belyegzes-muller-30p-gudlin-500p-attest-goller-2","status":"publish","type":"product","link":"https:\/\/stampcurio.com\/hu\/termek\/1850-ausztria-9kr-hp-i-tipus-ket-belyeg-bistritz-belyegzes-muller-30p-gudlin-500p-attest-goller-2\/","title":{"rendered":"1850 Ausztria 9kr HP I. tipus k\u00e9t b\u00e9lyeg, &#8211; BISTRITZ b\u00e9lyegz\u00e9s M\u00fcller 30p \/ Gudlin 500p &#8211; Attest Goller"},"content":{"rendered":"","protected":false},"excerpt":{"rendered":"<p>A k\u00e9t b\u00e9lyeg nincs egym\u00e1shoz ragasztva.<\/p>\n","protected":false},"featured_media":8792,"template":"","meta":[],"product_brand":[],"product_cat":[60,73,105],"product_tag":[1044,116,67],"class_list":{"0":"post-9109","1":"product","2":"type-product","3":"status-publish","4":"has-post-thumbnail","6":"product_cat-ausztria-1st","7":"product_cat-magyarorszag-1st","8":"product_cat-romania-1st","9":"product_tag-1st-auction-hu","10":"product_tag-belyeg","11":"product_tag-marcofilatelia","12":"pa_catalog_id-906","14":"first","15":"instock","16":"sold-individually","17":"shipping-taxable","18":"product-type-simple"},"_links":{"self":[{"href":"https:\/\/stampcurio.com\/hu\/wp-json\/wp\/v2\/product\/9109","targetHints":{"allow":["GET"]}}],"collection":[{"href":"https:\/\/stampcurio.com\/hu\/wp-json\/wp\/v2\/product"}],"about":[{"href":"https:\/\/stampcurio.com\/hu\/wp-json\/wp\/v2\/types\/product"}],"wp:featuredmedia":[{"embeddable":true,"href":"https:\/\/stampcurio.com\/hu\/wp-json\/wp\/v2\/media\/8792"}],"wp:attachment":[{"href":"https:\/\/stampcurio.com\/hu\/wp-json\/wp\/v2\/media?parent=9109"}],"wp:term":[{"taxonomy":"product_brand","embeddable":true,"href":"https:\/\/stampcurio.com\/hu\/wp-json\/wp\/v2\/product_brand?post=9109"},{"taxonomy":"product_cat","embeddable":true,"href":"https:\/\/stampcurio.com\/hu\/wp-json\/wp\/v2\/product_cat?post=9109"},{"taxonomy":"product_tag","embeddable":true,"href":"https:\/\/stampcurio.com\/hu\/wp-json\/wp\/v2\/product_tag?post=9109"}],"curies":[{"name":"wp","href":"https:\/\/api.w.org\/{rel}","templated":true}]}}