{"id":9107,"date":"2023-11-28T16:03:30","date_gmt":"2023-11-28T15:03:30","guid":{"rendered":"http:\/\/stampcurio.com\/?post_type=product&#038;p=9107"},"modified":"2025-12-05T04:09:57","modified_gmt":"2025-12-05T03:09:57","slug":"1850-ausztria-9kr-hp-i-tipus-mindket-belyeg-papirranccal-a-jobb-oldali-p185-vizjellel-kis-lemezhibaval-bistritz-belyegzes-muller-30p-gudlin-500p-attest-goller","status":"publish","type":"product","link":"https:\/\/stampcurio.com\/hu\/termek\/1850-ausztria-9kr-hp-i-tipus-mindket-belyeg-papirranccal-a-jobb-oldali-p185-vizjellel-kis-lemezhibaval-bistritz-belyegzes-muller-30p-gudlin-500p-attest-goller\/","title":{"rendered":"1850 Ausztria 9kr HP I. tipus mindk\u00e9t b\u00e9lyeg pap\u00edrr\u00e1nccal, a jobb oldali P185 &#8211; v\u00edzjellel, kis lemezhib\u00e1val &#8211; BISTRITZ b\u00e9lyegz\u00e9s M\u00fcller 30p \/ Gudlin 500p &#8211; Attest Goller"},"content":{"rendered":"","protected":false},"excerpt":{"rendered":"<p>A k\u00e9t b\u00e9lyeg nincs egym\u00e1shoz ragasztva.<\/p>\n","protected":false},"featured_media":8780,"template":"","meta":[],"product_brand":[],"product_cat":[60,73,105],"product_tag":[1044,116,1008,67,217],"class_list":{"0":"post-9107","1":"product","2":"type-product","3":"status-publish","4":"has-post-thumbnail","6":"product_cat-ausztria-1st","7":"product_cat-magyarorszag-1st","8":"product_cat-romania-1st","9":"product_tag-1st-auction-hu","10":"product_tag-belyeg","11":"product_tag-ebay","12":"product_tag-marcofilatelia","13":"product_tag-tevnyomat","14":"pa_catalog_id-905","16":"first","17":"instock","18":"sold-individually","19":"shipping-taxable","20":"product-type-simple"},"_links":{"self":[{"href":"https:\/\/stampcurio.com\/hu\/wp-json\/wp\/v2\/product\/9107","targetHints":{"allow":["GET"]}}],"collection":[{"href":"https:\/\/stampcurio.com\/hu\/wp-json\/wp\/v2\/product"}],"about":[{"href":"https:\/\/stampcurio.com\/hu\/wp-json\/wp\/v2\/types\/product"}],"wp:featuredmedia":[{"embeddable":true,"href":"https:\/\/stampcurio.com\/hu\/wp-json\/wp\/v2\/media\/8780"}],"wp:attachment":[{"href":"https:\/\/stampcurio.com\/hu\/wp-json\/wp\/v2\/media?parent=9107"}],"wp:term":[{"taxonomy":"product_brand","embeddable":true,"href":"https:\/\/stampcurio.com\/hu\/wp-json\/wp\/v2\/product_brand?post=9107"},{"taxonomy":"product_cat","embeddable":true,"href":"https:\/\/stampcurio.com\/hu\/wp-json\/wp\/v2\/product_cat?post=9107"},{"taxonomy":"product_tag","embeddable":true,"href":"https:\/\/stampcurio.com\/hu\/wp-json\/wp\/v2\/product_tag?post=9107"}],"curies":[{"name":"wp","href":"https:\/\/api.w.org\/{rel}","templated":true}]}}