{"id":9102,"date":"2023-11-28T15:53:05","date_gmt":"2023-11-28T14:53:05","guid":{"rendered":"http:\/\/stampcurio.com\/?post_type=product&#038;p=9102"},"modified":"2025-12-05T04:09:59","modified_gmt":"2025-12-05T03:09:59","slug":"1850-ausztria-3kr-hp-ia-tipus-kaschau-belyegzes-ferchenbauer-60-szamu-lemezhiba-50-eur-attest-goller","status":"publish","type":"product","link":"https:\/\/stampcurio.com\/hu\/termek\/1850-ausztria-3kr-hp-ia-tipus-kaschau-belyegzes-ferchenbauer-60-szamu-lemezhiba-50-eur-attest-goller\/","title":{"rendered":"1850 Ausztria 3kr HP Ia tipus &#8211; KASCHAU b\u00e9lyegz\u00e9s &#8211; Ferchenbauer 60. sz\u00e1m\u00fa lemezhiba \/ 50 EUR &#8211; Attest Goller"},"content":{"rendered":"","protected":false},"excerpt":{"rendered":"","protected":false},"featured_media":8744,"template":"","meta":[],"product_brand":[],"product_cat":[60,73,193],"product_tag":[1044,116,67,217],"class_list":{"0":"post-9102","1":"product","2":"type-product","3":"status-publish","4":"has-post-thumbnail","6":"product_cat-ausztria-1st","7":"product_cat-magyarorszag-1st","8":"product_cat-szlovakia-1st","9":"product_tag-1st-auction-hu","10":"product_tag-belyeg","11":"product_tag-marcofilatelia","12":"product_tag-tevnyomat","13":"pa_catalog_id-902","15":"first","16":"outofstock","17":"sold-individually","18":"shipping-taxable","19":"product-type-simple"},"_links":{"self":[{"href":"https:\/\/stampcurio.com\/hu\/wp-json\/wp\/v2\/product\/9102","targetHints":{"allow":["GET"]}}],"collection":[{"href":"https:\/\/stampcurio.com\/hu\/wp-json\/wp\/v2\/product"}],"about":[{"href":"https:\/\/stampcurio.com\/hu\/wp-json\/wp\/v2\/types\/product"}],"wp:featuredmedia":[{"embeddable":true,"href":"https:\/\/stampcurio.com\/hu\/wp-json\/wp\/v2\/media\/8744"}],"wp:attachment":[{"href":"https:\/\/stampcurio.com\/hu\/wp-json\/wp\/v2\/media?parent=9102"}],"wp:term":[{"taxonomy":"product_brand","embeddable":true,"href":"https:\/\/stampcurio.com\/hu\/wp-json\/wp\/v2\/product_brand?post=9102"},{"taxonomy":"product_cat","embeddable":true,"href":"https:\/\/stampcurio.com\/hu\/wp-json\/wp\/v2\/product_cat?post=9102"},{"taxonomy":"product_tag","embeddable":true,"href":"https:\/\/stampcurio.com\/hu\/wp-json\/wp\/v2\/product_tag?post=9102"}],"curies":[{"name":"wp","href":"https:\/\/api.w.org\/{rel}","templated":true}]}}