{"id":9099,"date":"2023-11-28T15:49:24","date_gmt":"2023-11-28T14:49:24","guid":{"rendered":"http:\/\/stampcurio.com\/?post_type=product&#038;p=9099"},"modified":"2025-12-05T04:09:59","modified_gmt":"2025-12-05T03:09:59","slug":"1850-ausztria-9kr-hp-ii-b-tipus-szurkeskek-par-kronstadt-belyegzes-ferchenbauer-125-eur-attest-goller","status":"publish","type":"product","link":"https:\/\/stampcurio.com\/hu\/termek\/1850-ausztria-9kr-hp-ii-b-tipus-szurkeskek-par-kronstadt-belyegzes-ferchenbauer-125-eur-attest-goller\/","title":{"rendered":"1850 Ausztria 9kr HP II.b tipus sz\u00fcrk\u00e9sk\u00e9k p\u00e1r &#8211; KRONSTADT b\u00e9lyegz\u00e9s &#8211; Ferchenbauer 125 EUR &#8211; Attest Goller"},"content":{"rendered":"","protected":false},"excerpt":{"rendered":"","protected":false},"featured_media":8733,"template":"","meta":[],"product_brand":[],"product_cat":[60,73,105],"product_tag":[1044,1008],"class_list":{"0":"post-9099","1":"product","2":"type-product","3":"status-publish","4":"has-post-thumbnail","6":"product_cat-ausztria-1st","7":"product_cat-magyarorszag-1st","8":"product_cat-romania-1st","9":"product_tag-1st-auction-hu","10":"product_tag-ebay","11":"pa_catalog_id-901","13":"first","14":"outofstock","15":"sold-individually","16":"shipping-taxable","17":"product-type-simple"},"_links":{"self":[{"href":"https:\/\/stampcurio.com\/hu\/wp-json\/wp\/v2\/product\/9099","targetHints":{"allow":["GET"]}}],"collection":[{"href":"https:\/\/stampcurio.com\/hu\/wp-json\/wp\/v2\/product"}],"about":[{"href":"https:\/\/stampcurio.com\/hu\/wp-json\/wp\/v2\/types\/product"}],"wp:featuredmedia":[{"embeddable":true,"href":"https:\/\/stampcurio.com\/hu\/wp-json\/wp\/v2\/media\/8733"}],"wp:attachment":[{"href":"https:\/\/stampcurio.com\/hu\/wp-json\/wp\/v2\/media?parent=9099"}],"wp:term":[{"taxonomy":"product_brand","embeddable":true,"href":"https:\/\/stampcurio.com\/hu\/wp-json\/wp\/v2\/product_brand?post=9099"},{"taxonomy":"product_cat","embeddable":true,"href":"https:\/\/stampcurio.com\/hu\/wp-json\/wp\/v2\/product_cat?post=9099"},{"taxonomy":"product_tag","embeddable":true,"href":"https:\/\/stampcurio.com\/hu\/wp-json\/wp\/v2\/product_tag?post=9099"}],"curies":[{"name":"wp","href":"https:\/\/api.w.org\/{rel}","templated":true}]}}