{"id":9093,"date":"2023-11-28T15:37:01","date_gmt":"2023-11-28T14:37:01","guid":{"rendered":"http:\/\/stampcurio.com\/?post_type=product&#038;p=9093"},"modified":"2025-12-05T04:10:00","modified_gmt":"2025-12-05T03:10:00","slug":"1850-ausztria-9kr-hp-ii-a-tipus-gepszinatnyomat-innsbruck-belyegzes-ferchenbauer-150-eur-attest-goller","status":"publish","type":"product","link":"https:\/\/stampcurio.com\/hu\/termek\/1850-ausztria-9kr-hp-ii-a-tipus-gepszinatnyomat-innsbruck-belyegzes-ferchenbauer-150-eur-attest-goller\/","title":{"rendered":"1850 Ausztria 9kr HP II.a tipus, g\u00e9psz\u00edn\u00e1tnyomat \u2013 INNSBRUCK b\u00e9lyegz\u00e9s \u2013 Ferchenbauer 150 EUR \u2013 Attest Goller"},"content":{"rendered":"","protected":false},"excerpt":{"rendered":"","protected":false},"featured_media":8696,"template":"","meta":[],"product_brand":[],"product_cat":[60],"product_tag":[1044,116,67,217],"class_list":{"0":"post-9093","1":"product","2":"type-product","3":"status-publish","4":"has-post-thumbnail","6":"product_cat-ausztria-1st","7":"product_tag-1st-auction-hu","8":"product_tag-belyeg","9":"product_tag-marcofilatelia","10":"product_tag-tevnyomat","11":"pa_catalog_id-898","13":"first","14":"outofstock","15":"sold-individually","16":"shipping-taxable","17":"product-type-simple"},"_links":{"self":[{"href":"https:\/\/stampcurio.com\/hu\/wp-json\/wp\/v2\/product\/9093","targetHints":{"allow":["GET"]}}],"collection":[{"href":"https:\/\/stampcurio.com\/hu\/wp-json\/wp\/v2\/product"}],"about":[{"href":"https:\/\/stampcurio.com\/hu\/wp-json\/wp\/v2\/types\/product"}],"wp:featuredmedia":[{"embeddable":true,"href":"https:\/\/stampcurio.com\/hu\/wp-json\/wp\/v2\/media\/8696"}],"wp:attachment":[{"href":"https:\/\/stampcurio.com\/hu\/wp-json\/wp\/v2\/media?parent=9093"}],"wp:term":[{"taxonomy":"product_brand","embeddable":true,"href":"https:\/\/stampcurio.com\/hu\/wp-json\/wp\/v2\/product_brand?post=9093"},{"taxonomy":"product_cat","embeddable":true,"href":"https:\/\/stampcurio.com\/hu\/wp-json\/wp\/v2\/product_cat?post=9093"},{"taxonomy":"product_tag","embeddable":true,"href":"https:\/\/stampcurio.com\/hu\/wp-json\/wp\/v2\/product_tag?post=9093"}],"curies":[{"name":"wp","href":"https:\/\/api.w.org\/{rel}","templated":true}]}}