{"id":9092,"date":"2023-11-28T15:34:07","date_gmt":"2023-11-28T14:34:07","guid":{"rendered":"http:\/\/stampcurio.com\/?post_type=product&#038;p=9092"},"modified":"2025-12-05T04:10:01","modified_gmt":"2025-12-05T03:10:01","slug":"1850-ausztria-9kr-hp-i-tipus-also-ivszellel-andraskereszt-vegzodessel-bistritz-belyegzes-ferchenbauer-110-eur-attest-goller","status":"publish","type":"product","link":"https:\/\/stampcurio.com\/hu\/termek\/1850-ausztria-9kr-hp-i-tipus-also-ivszellel-andraskereszt-vegzodessel-bistritz-belyegzes-ferchenbauer-110-eur-attest-goller\/","title":{"rendered":"1850 Ausztria 9kr HP I. tipus als\u00f3 \u00edvsz\u00e9llel, andr\u00e1skereszt v\u00e9gz\u0151d\u00e9ssel, &#8211; BISTRITZ b\u00e9lyegz\u00e9s &#8211; Ferchenbauer 110 EUR &#8211; Attest Goller"},"content":{"rendered":"","protected":false},"excerpt":{"rendered":"","protected":false},"featured_media":8684,"template":"","meta":[],"product_brand":[],"product_cat":[60,73,105],"product_tag":[1044,116],"class_list":{"0":"post-9092","1":"product","2":"type-product","3":"status-publish","4":"has-post-thumbnail","6":"product_cat-ausztria-1st","7":"product_cat-magyarorszag-1st","8":"product_cat-romania-1st","9":"product_tag-1st-auction-hu","10":"product_tag-belyeg","11":"pa_catalog_id-897","13":"first","14":"outofstock","15":"sold-individually","16":"shipping-taxable","17":"product-type-simple"},"_links":{"self":[{"href":"https:\/\/stampcurio.com\/hu\/wp-json\/wp\/v2\/product\/9092","targetHints":{"allow":["GET"]}}],"collection":[{"href":"https:\/\/stampcurio.com\/hu\/wp-json\/wp\/v2\/product"}],"about":[{"href":"https:\/\/stampcurio.com\/hu\/wp-json\/wp\/v2\/types\/product"}],"wp:featuredmedia":[{"embeddable":true,"href":"https:\/\/stampcurio.com\/hu\/wp-json\/wp\/v2\/media\/8684"}],"wp:attachment":[{"href":"https:\/\/stampcurio.com\/hu\/wp-json\/wp\/v2\/media?parent=9092"}],"wp:term":[{"taxonomy":"product_brand","embeddable":true,"href":"https:\/\/stampcurio.com\/hu\/wp-json\/wp\/v2\/product_brand?post=9092"},{"taxonomy":"product_cat","embeddable":true,"href":"https:\/\/stampcurio.com\/hu\/wp-json\/wp\/v2\/product_cat?post=9092"},{"taxonomy":"product_tag","embeddable":true,"href":"https:\/\/stampcurio.com\/hu\/wp-json\/wp\/v2\/product_tag?post=9092"}],"curies":[{"name":"wp","href":"https:\/\/api.w.org\/{rel}","templated":true}]}}