{"id":9086,"date":"2023-11-28T15:06:57","date_gmt":"2023-11-28T14:06:57","guid":{"rendered":"http:\/\/stampcurio.com\/?post_type=product&#038;p=9086"},"modified":"2025-12-05T04:10:02","modified_gmt":"2025-12-05T03:10:02","slug":"1850-ausztria-6kr-hp-i-tipus-szurkesbarna-szelenyomat-lemezhiba-attest-goller","status":"publish","type":"product","link":"https:\/\/stampcurio.com\/hu\/termek\/1850-ausztria-6kr-hp-i-tipus-szurkesbarna-szelenyomat-lemezhiba-attest-goller\/","title":{"rendered":"1850 Ausztria 6kr HP I. tipus sz\u00fcrk\u00e9sbarna, sz\u00e9lenyomat, lemezhiba &#8211; Attest Goller"},"content":{"rendered":"","protected":false},"excerpt":{"rendered":"","protected":false},"featured_media":8648,"template":"","meta":[],"product_brand":[],"product_cat":[60,239,78,73,105,135],"product_tag":[1044,116,217],"class_list":{"0":"post-9086","1":"product","2":"type-product","3":"status-publish","4":"has-post-thumbnail","6":"product_cat-ausztria-1st","7":"product_cat-csehorszag-1st","8":"product_cat-horvatorszag-1st","9":"product_cat-magyarorszag-1st","10":"product_cat-romania-1st","11":"product_cat-szerbia-1st","12":"product_tag-1st-auction-hu","13":"product_tag-belyeg","14":"product_tag-tevnyomat","15":"pa_catalog_id-894","17":"first","18":"outofstock","19":"sold-individually","20":"shipping-taxable","21":"product-type-simple"},"_links":{"self":[{"href":"https:\/\/stampcurio.com\/hu\/wp-json\/wp\/v2\/product\/9086","targetHints":{"allow":["GET"]}}],"collection":[{"href":"https:\/\/stampcurio.com\/hu\/wp-json\/wp\/v2\/product"}],"about":[{"href":"https:\/\/stampcurio.com\/hu\/wp-json\/wp\/v2\/types\/product"}],"wp:featuredmedia":[{"embeddable":true,"href":"https:\/\/stampcurio.com\/hu\/wp-json\/wp\/v2\/media\/8648"}],"wp:attachment":[{"href":"https:\/\/stampcurio.com\/hu\/wp-json\/wp\/v2\/media?parent=9086"}],"wp:term":[{"taxonomy":"product_brand","embeddable":true,"href":"https:\/\/stampcurio.com\/hu\/wp-json\/wp\/v2\/product_brand?post=9086"},{"taxonomy":"product_cat","embeddable":true,"href":"https:\/\/stampcurio.com\/hu\/wp-json\/wp\/v2\/product_cat?post=9086"},{"taxonomy":"product_tag","embeddable":true,"href":"https:\/\/stampcurio.com\/hu\/wp-json\/wp\/v2\/product_tag?post=9086"}],"curies":[{"name":"wp","href":"https:\/\/api.w.org\/{rel}","templated":true}]}}