{"id":9081,"date":"2023-11-28T14:58:10","date_gmt":"2023-11-28T13:58:10","guid":{"rendered":"http:\/\/stampcurio.com\/?post_type=product&#038;p=9081"},"modified":"2025-12-05T04:10:03","modified_gmt":"2025-12-05T03:10:03","slug":"1850-ausztria-9kr-hp-iii-b-tipus-a-158-szamu-lemezhibaval-pressburg-belyegzes-ferchenbauer-110-eur-attest-goller","status":"publish","type":"product","link":"https:\/\/stampcurio.com\/hu\/termek\/1850-ausztria-9kr-hp-iii-b-tipus-a-158-szamu-lemezhibaval-pressburg-belyegzes-ferchenbauer-110-eur-attest-goller\/","title":{"rendered":"1850 Ausztria 9kr HP III.b tipus, a 158. sz\u00e1m\u00fa lemezhib\u00e1val &#8211; PRESSBURG b\u00e9lyegz\u00e9s &#8211; Ferchenbauer 110 EUR &#8211; Attest Goller"},"content":{"rendered":"","protected":false},"excerpt":{"rendered":"","protected":false},"featured_media":8624,"template":"","meta":[],"product_brand":[],"product_cat":[60,73,193],"product_tag":[1044,116,217],"class_list":{"0":"post-9081","1":"product","2":"type-product","3":"status-publish","4":"has-post-thumbnail","6":"product_cat-ausztria-1st","7":"product_cat-magyarorszag-1st","8":"product_cat-szlovakia-1st","9":"product_tag-1st-auction-hu","10":"product_tag-belyeg","11":"product_tag-tevnyomat","12":"pa_catalog_id-892","14":"first","15":"outofstock","16":"sold-individually","17":"shipping-taxable","18":"product-type-simple"},"_links":{"self":[{"href":"https:\/\/stampcurio.com\/hu\/wp-json\/wp\/v2\/product\/9081","targetHints":{"allow":["GET"]}}],"collection":[{"href":"https:\/\/stampcurio.com\/hu\/wp-json\/wp\/v2\/product"}],"about":[{"href":"https:\/\/stampcurio.com\/hu\/wp-json\/wp\/v2\/types\/product"}],"wp:featuredmedia":[{"embeddable":true,"href":"https:\/\/stampcurio.com\/hu\/wp-json\/wp\/v2\/media\/8624"}],"wp:attachment":[{"href":"https:\/\/stampcurio.com\/hu\/wp-json\/wp\/v2\/media?parent=9081"}],"wp:term":[{"taxonomy":"product_brand","embeddable":true,"href":"https:\/\/stampcurio.com\/hu\/wp-json\/wp\/v2\/product_brand?post=9081"},{"taxonomy":"product_cat","embeddable":true,"href":"https:\/\/stampcurio.com\/hu\/wp-json\/wp\/v2\/product_cat?post=9081"},{"taxonomy":"product_tag","embeddable":true,"href":"https:\/\/stampcurio.com\/hu\/wp-json\/wp\/v2\/product_tag?post=9081"}],"curies":[{"name":"wp","href":"https:\/\/api.w.org\/{rel}","templated":true}]}}