{"id":9078,"date":"2023-11-28T14:51:23","date_gmt":"2023-11-28T13:51:23","guid":{"rendered":"http:\/\/stampcurio.com\/?post_type=product&#038;p=9078"},"modified":"2025-12-05T04:10:03","modified_gmt":"2025-12-05T03:10:03","slug":"1850-ausztria-9kr-hp-i-tipus-vekony-papiron-007mm-lemezhiba-laibach-belyegzes-attest-goller","status":"publish","type":"product","link":"https:\/\/stampcurio.com\/hu\/termek\/1850-ausztria-9kr-hp-i-tipus-vekony-papiron-007mm-lemezhiba-laibach-belyegzes-attest-goller\/","title":{"rendered":"1850 Ausztria 9kr HP I. tipus, v\u00e9kony pap\u00edron 0,07mm, lemezhiba  &#8211; LAIBACH b\u00e9lyegz\u00e9s &#8211; Attest Goller"},"content":{"rendered":"","protected":false},"excerpt":{"rendered":"","protected":false},"featured_media":8600,"template":"","meta":[],"product_brand":[],"product_cat":[60,402],"product_tag":[1044,116,217],"class_list":{"0":"post-9078","1":"product","2":"type-product","3":"status-publish","4":"has-post-thumbnail","6":"product_cat-ausztria-1st","7":"product_cat-szlovenia-1st","8":"product_tag-1st-auction-hu","9":"product_tag-belyeg","10":"product_tag-tevnyomat","11":"pa_catalog_id-890","13":"first","14":"outofstock","15":"sold-individually","16":"shipping-taxable","17":"product-type-simple"},"_links":{"self":[{"href":"https:\/\/stampcurio.com\/hu\/wp-json\/wp\/v2\/product\/9078","targetHints":{"allow":["GET"]}}],"collection":[{"href":"https:\/\/stampcurio.com\/hu\/wp-json\/wp\/v2\/product"}],"about":[{"href":"https:\/\/stampcurio.com\/hu\/wp-json\/wp\/v2\/types\/product"}],"wp:featuredmedia":[{"embeddable":true,"href":"https:\/\/stampcurio.com\/hu\/wp-json\/wp\/v2\/media\/8600"}],"wp:attachment":[{"href":"https:\/\/stampcurio.com\/hu\/wp-json\/wp\/v2\/media?parent=9078"}],"wp:term":[{"taxonomy":"product_brand","embeddable":true,"href":"https:\/\/stampcurio.com\/hu\/wp-json\/wp\/v2\/product_brand?post=9078"},{"taxonomy":"product_cat","embeddable":true,"href":"https:\/\/stampcurio.com\/hu\/wp-json\/wp\/v2\/product_cat?post=9078"},{"taxonomy":"product_tag","embeddable":true,"href":"https:\/\/stampcurio.com\/hu\/wp-json\/wp\/v2\/product_tag?post=9078"}],"curies":[{"name":"wp","href":"https:\/\/api.w.org\/{rel}","templated":true}]}}