{"id":9074,"date":"2023-11-28T14:41:17","date_gmt":"2023-11-28T13:41:17","guid":{"rendered":"http:\/\/stampcurio.com\/?post_type=product&#038;p=9074"},"modified":"2025-12-05T04:10:04","modified_gmt":"2025-12-05T03:10:04","slug":"1850-ausztria-9kr-hp-i-tipus-szelenyomat-vekony-papiron-007mm-bistritz-belyegzes-ferchenbauer-65-eur-attest-goller","status":"publish","type":"product","link":"https:\/\/stampcurio.com\/hu\/termek\/1850-ausztria-9kr-hp-i-tipus-szelenyomat-vekony-papiron-007mm-bistritz-belyegzes-ferchenbauer-65-eur-attest-goller\/","title":{"rendered":"1850 Ausztria 9kr HP I. tipus sz\u00e9lenyomat, v\u00e9kony pap\u00edron 0,07mm, &#8211; BISTRITZ b\u00e9lyegz\u00e9s &#8211; Ferchenbauer 65 EUR &#8211; Attest Goller"},"content":{"rendered":"","protected":false},"excerpt":{"rendered":"","protected":false},"featured_media":8576,"template":"","meta":[],"product_brand":[],"product_cat":[60,73,105],"product_tag":[1044,116,217],"class_list":{"0":"post-9074","1":"product","2":"type-product","3":"status-publish","4":"has-post-thumbnail","6":"product_cat-ausztria-1st","7":"product_cat-magyarorszag-1st","8":"product_cat-romania-1st","9":"product_tag-1st-auction-hu","10":"product_tag-belyeg","11":"product_tag-tevnyomat","12":"pa_catalog_id-888","14":"first","15":"outofstock","16":"sold-individually","17":"shipping-taxable","18":"product-type-simple"},"_links":{"self":[{"href":"https:\/\/stampcurio.com\/hu\/wp-json\/wp\/v2\/product\/9074","targetHints":{"allow":["GET"]}}],"collection":[{"href":"https:\/\/stampcurio.com\/hu\/wp-json\/wp\/v2\/product"}],"about":[{"href":"https:\/\/stampcurio.com\/hu\/wp-json\/wp\/v2\/types\/product"}],"wp:featuredmedia":[{"embeddable":true,"href":"https:\/\/stampcurio.com\/hu\/wp-json\/wp\/v2\/media\/8576"}],"wp:attachment":[{"href":"https:\/\/stampcurio.com\/hu\/wp-json\/wp\/v2\/media?parent=9074"}],"wp:term":[{"taxonomy":"product_brand","embeddable":true,"href":"https:\/\/stampcurio.com\/hu\/wp-json\/wp\/v2\/product_brand?post=9074"},{"taxonomy":"product_cat","embeddable":true,"href":"https:\/\/stampcurio.com\/hu\/wp-json\/wp\/v2\/product_cat?post=9074"},{"taxonomy":"product_tag","embeddable":true,"href":"https:\/\/stampcurio.com\/hu\/wp-json\/wp\/v2\/product_tag?post=9074"}],"curies":[{"name":"wp","href":"https:\/\/api.w.org\/{rel}","templated":true}]}}