{"id":9072,"date":"2023-11-28T14:35:14","date_gmt":"2023-11-28T13:35:14","guid":{"rendered":"http:\/\/stampcurio.com\/?post_type=product&#038;p=9072"},"modified":"2025-12-05T04:10:05","modified_gmt":"2025-12-05T03:10:05","slug":"1850-ausztria-9kr-hp-i-tipus-szelenyomat-eroteljes-gepszinatnyomat-ferchenbauer-65-eur-attest-goller","status":"publish","type":"product","link":"https:\/\/stampcurio.com\/hu\/termek\/1850-ausztria-9kr-hp-i-tipus-szelenyomat-eroteljes-gepszinatnyomat-ferchenbauer-65-eur-attest-goller\/","title":{"rendered":"1850 Ausztria 9kr HP I. tipus, sz\u00e9lenyomat, er\u0151teljes g\u00e9psz\u00edn\u00e1tnyomat &#8211; Ferchenbauer 65 EUR &#8211; Attest Goller"},"content":{"rendered":"","protected":false},"excerpt":{"rendered":"<p>H\u00e1toldalon, fent kis s\u00e1rga falcmaradv\u00e1ny.<\/p>\n","protected":false},"featured_media":8564,"template":"","meta":[],"product_brand":[],"product_cat":[60],"product_tag":[1044,116,217],"class_list":{"0":"post-9072","1":"product","2":"type-product","3":"status-publish","4":"has-post-thumbnail","6":"product_cat-ausztria-1st","7":"product_tag-1st-auction-hu","8":"product_tag-belyeg","9":"product_tag-tevnyomat","10":"pa_catalog_id-887","12":"first","13":"outofstock","14":"sold-individually","15":"shipping-taxable","16":"product-type-simple"},"_links":{"self":[{"href":"https:\/\/stampcurio.com\/hu\/wp-json\/wp\/v2\/product\/9072","targetHints":{"allow":["GET"]}}],"collection":[{"href":"https:\/\/stampcurio.com\/hu\/wp-json\/wp\/v2\/product"}],"about":[{"href":"https:\/\/stampcurio.com\/hu\/wp-json\/wp\/v2\/types\/product"}],"wp:featuredmedia":[{"embeddable":true,"href":"https:\/\/stampcurio.com\/hu\/wp-json\/wp\/v2\/media\/8564"}],"wp:attachment":[{"href":"https:\/\/stampcurio.com\/hu\/wp-json\/wp\/v2\/media?parent=9072"}],"wp:term":[{"taxonomy":"product_brand","embeddable":true,"href":"https:\/\/stampcurio.com\/hu\/wp-json\/wp\/v2\/product_brand?post=9072"},{"taxonomy":"product_cat","embeddable":true,"href":"https:\/\/stampcurio.com\/hu\/wp-json\/wp\/v2\/product_cat?post=9072"},{"taxonomy":"product_tag","embeddable":true,"href":"https:\/\/stampcurio.com\/hu\/wp-json\/wp\/v2\/product_tag?post=9072"}],"curies":[{"name":"wp","href":"https:\/\/api.w.org\/{rel}","templated":true}]}}