{"id":9057,"date":"2023-11-28T14:03:31","date_gmt":"2023-11-28T13:03:31","guid":{"rendered":"http:\/\/stampcurio.com\/?post_type=product&#038;p=9057"},"modified":"2025-12-05T04:10:07","modified_gmt":"2025-12-05T03:10:07","slug":"1850-ausztria-6r-hp-i-a-tipus-vorosesbarna-szelenyomat-kezi-ervenytelenitessel-ferchenbauer-60-eur-attest-goller","status":"publish","type":"product","link":"https:\/\/stampcurio.com\/hu\/termek\/1850-ausztria-6r-hp-i-a-tipus-vorosesbarna-szelenyomat-kezi-ervenytelenitessel-ferchenbauer-60-eur-attest-goller\/","title":{"rendered":"1850 Ausztria 6r HP I.a tipus v\u00f6r\u00f6sesbarna, sz\u00e9lenyomat, k\u00e9zi \u00e9rv\u00e9nytelen\u00edt\u00e9ssel &#8211; Ferchenbauer 60 EUR &#8211; Attest Goller"},"content":{"rendered":"","protected":false},"excerpt":{"rendered":"","protected":false},"featured_media":8492,"template":"","meta":[],"product_brand":[],"product_cat":[60,239,78,73,105,193,402],"product_tag":[1044,116,67],"class_list":{"0":"post-9057","1":"product","2":"type-product","3":"status-publish","4":"has-post-thumbnail","6":"product_cat-ausztria-1st","7":"product_cat-csehorszag-1st","8":"product_cat-horvatorszag-1st","9":"product_cat-magyarorszag-1st","10":"product_cat-romania-1st","11":"product_cat-szlovakia-1st","12":"product_cat-szlovenia-1st","13":"product_tag-1st-auction-hu","14":"product_tag-belyeg","15":"product_tag-marcofilatelia","16":"pa_catalog_id-881","18":"first","19":"outofstock","20":"sold-individually","21":"shipping-taxable","22":"product-type-simple"},"_links":{"self":[{"href":"https:\/\/stampcurio.com\/hu\/wp-json\/wp\/v2\/product\/9057","targetHints":{"allow":["GET"]}}],"collection":[{"href":"https:\/\/stampcurio.com\/hu\/wp-json\/wp\/v2\/product"}],"about":[{"href":"https:\/\/stampcurio.com\/hu\/wp-json\/wp\/v2\/types\/product"}],"wp:featuredmedia":[{"embeddable":true,"href":"https:\/\/stampcurio.com\/hu\/wp-json\/wp\/v2\/media\/8492"}],"wp:attachment":[{"href":"https:\/\/stampcurio.com\/hu\/wp-json\/wp\/v2\/media?parent=9057"}],"wp:term":[{"taxonomy":"product_brand","embeddable":true,"href":"https:\/\/stampcurio.com\/hu\/wp-json\/wp\/v2\/product_brand?post=9057"},{"taxonomy":"product_cat","embeddable":true,"href":"https:\/\/stampcurio.com\/hu\/wp-json\/wp\/v2\/product_cat?post=9057"},{"taxonomy":"product_tag","embeddable":true,"href":"https:\/\/stampcurio.com\/hu\/wp-json\/wp\/v2\/product_tag?post=9057"}],"curies":[{"name":"wp","href":"https:\/\/api.w.org\/{rel}","templated":true}]}}