{"id":9052,"date":"2023-11-28T13:55:43","date_gmt":"2023-11-28T12:55:43","guid":{"rendered":"http:\/\/stampcurio.com\/?post_type=product&#038;p=9052"},"modified":"2025-12-05T04:10:07","modified_gmt":"2025-12-05T03:10:07","slug":"1850-ausztria-1kr-hp-i-b-tipus-okkersarga-hatoldali-fejeanllo-a-tipusu-nyomattal-vekony-papiron-007mm-pesth-belyegzes-ferchenbauer-220-eur-attest-goller","status":"publish","type":"product","link":"https:\/\/stampcurio.com\/hu\/termek\/1850-ausztria-1kr-hp-i-b-tipus-okkersarga-hatoldali-fejeanllo-a-tipusu-nyomattal-vekony-papiron-007mm-pesth-belyegzes-ferchenbauer-220-eur-attest-goller\/","title":{"rendered":"1850 Ausztria 1kr HP I.b tipus okkers\u00e1rga h\u00e1toldali feje\u00e1nll\u00f3 A tipus\u00fa nyomattal, v\u00e9kony pap\u00edron 0,07mm &#8211; PESTH b\u00e9lyegz\u00e9s &#8211; Ferchenbauer 220 EUR &#8211; Attest Goller"},"content":{"rendered":"","protected":false},"excerpt":{"rendered":"","protected":false},"featured_media":9053,"template":"","meta":[],"product_brand":[],"product_cat":[60,73],"product_tag":[1044,116,1008,67,217],"class_list":{"0":"post-9052","1":"product","2":"type-product","3":"status-publish","4":"has-post-thumbnail","6":"product_cat-ausztria-1st","7":"product_cat-magyarorszag-1st","8":"product_tag-1st-auction-hu","9":"product_tag-belyeg","10":"product_tag-ebay","11":"product_tag-marcofilatelia","12":"product_tag-tevnyomat","13":"pa_catalog_id-880","15":"first","16":"outofstock","17":"sold-individually","18":"shipping-taxable","19":"product-type-simple"},"_links":{"self":[{"href":"https:\/\/stampcurio.com\/hu\/wp-json\/wp\/v2\/product\/9052","targetHints":{"allow":["GET"]}}],"collection":[{"href":"https:\/\/stampcurio.com\/hu\/wp-json\/wp\/v2\/product"}],"about":[{"href":"https:\/\/stampcurio.com\/hu\/wp-json\/wp\/v2\/types\/product"}],"wp:featuredmedia":[{"embeddable":true,"href":"https:\/\/stampcurio.com\/hu\/wp-json\/wp\/v2\/media\/9053"}],"wp:attachment":[{"href":"https:\/\/stampcurio.com\/hu\/wp-json\/wp\/v2\/media?parent=9052"}],"wp:term":[{"taxonomy":"product_brand","embeddable":true,"href":"https:\/\/stampcurio.com\/hu\/wp-json\/wp\/v2\/product_brand?post=9052"},{"taxonomy":"product_cat","embeddable":true,"href":"https:\/\/stampcurio.com\/hu\/wp-json\/wp\/v2\/product_cat?post=9052"},{"taxonomy":"product_tag","embeddable":true,"href":"https:\/\/stampcurio.com\/hu\/wp-json\/wp\/v2\/product_tag?post=9052"}],"curies":[{"name":"wp","href":"https:\/\/api.w.org\/{rel}","templated":true}]}}