{"id":8441,"date":"2023-11-28T10:50:31","date_gmt":"2023-11-28T09:50:31","guid":{"rendered":"http:\/\/stampcurio.com\/?post_type=product&#038;p=8441"},"modified":"2025-12-05T04:10:08","modified_gmt":"2025-12-05T03:10:08","slug":"1850-ausztria-6kr-i-a-tipus-szurkesbarna-hasznalatlan-ferchenbauer-450-eur-attest-goller","status":"publish","type":"product","link":"https:\/\/stampcurio.com\/hu\/termek\/1850-ausztria-6kr-i-a-tipus-szurkesbarna-hasznalatlan-ferchenbauer-450-eur-attest-goller\/","title":{"rendered":"1850 Ausztria 6kr I.a tipus sz\u00fcrk\u00e9sbarna haszn\u00e1latlan (*) &#8211; Ferchenbauer 450 EUR &#8211; Attest Goller"},"content":{"rendered":"","protected":false},"excerpt":{"rendered":"","protected":false},"featured_media":8378,"template":"","meta":[],"product_brand":[],"product_cat":[60],"product_tag":[1044,116],"class_list":{"0":"post-8441","1":"product","2":"type-product","3":"status-publish","4":"has-post-thumbnail","6":"product_cat-ausztria-1st","7":"product_tag-1st-auction-hu","8":"product_tag-belyeg","9":"pa_catalog_id-876","11":"first","12":"outofstock","13":"sold-individually","14":"shipping-taxable","15":"product-type-simple"},"_links":{"self":[{"href":"https:\/\/stampcurio.com\/hu\/wp-json\/wp\/v2\/product\/8441","targetHints":{"allow":["GET"]}}],"collection":[{"href":"https:\/\/stampcurio.com\/hu\/wp-json\/wp\/v2\/product"}],"about":[{"href":"https:\/\/stampcurio.com\/hu\/wp-json\/wp\/v2\/types\/product"}],"wp:featuredmedia":[{"embeddable":true,"href":"https:\/\/stampcurio.com\/hu\/wp-json\/wp\/v2\/media\/8378"}],"wp:attachment":[{"href":"https:\/\/stampcurio.com\/hu\/wp-json\/wp\/v2\/media?parent=8441"}],"wp:term":[{"taxonomy":"product_brand","embeddable":true,"href":"https:\/\/stampcurio.com\/hu\/wp-json\/wp\/v2\/product_brand?post=8441"},{"taxonomy":"product_cat","embeddable":true,"href":"https:\/\/stampcurio.com\/hu\/wp-json\/wp\/v2\/product_cat?post=8441"},{"taxonomy":"product_tag","embeddable":true,"href":"https:\/\/stampcurio.com\/hu\/wp-json\/wp\/v2\/product_tag?post=8441"}],"curies":[{"name":"wp","href":"https:\/\/api.w.org\/{rel}","templated":true}]}}