{"id":8424,"date":"2023-11-28T10:42:33","date_gmt":"2023-11-28T09:42:33","guid":{"rendered":"http:\/\/stampcurio.com\/?post_type=product&#038;p=8424"},"modified":"2025-12-05T04:10:09","modified_gmt":"2025-12-05T03:10:09","slug":"1850-ausztria-3kr-mp-reisenpapierkorn-papirhibaval-saaz-belyegzes-attest-goller","status":"publish","type":"product","link":"https:\/\/stampcurio.com\/hu\/termek\/1850-ausztria-3kr-mp-reisenpapierkorn-papirhibaval-saaz-belyegzes-attest-goller\/","title":{"rendered":"1850 Ausztria 3kr MP &#8220;reisenpapierkorn&#8221; pap\u00edrhib\u00e1val &#8211; SAAZ b\u00e9lyegz\u00e9s &#8211; Attest Goller"},"content":{"rendered":"","protected":false},"excerpt":{"rendered":"","protected":false},"featured_media":12024,"template":"","meta":[],"product_brand":[],"product_cat":[60,239],"product_tag":[1044,116,1008,217],"class_list":{"0":"post-8424","1":"product","2":"type-product","3":"status-publish","4":"has-post-thumbnail","6":"product_cat-ausztria-1st","7":"product_cat-csehorszag-1st","8":"product_tag-1st-auction-hu","9":"product_tag-belyeg","10":"product_tag-ebay","11":"product_tag-tevnyomat","12":"pa_catalog_id-874","14":"first","15":"outofstock","16":"sold-individually","17":"shipping-taxable","18":"product-type-simple"},"_links":{"self":[{"href":"https:\/\/stampcurio.com\/hu\/wp-json\/wp\/v2\/product\/8424","targetHints":{"allow":["GET"]}}],"collection":[{"href":"https:\/\/stampcurio.com\/hu\/wp-json\/wp\/v2\/product"}],"about":[{"href":"https:\/\/stampcurio.com\/hu\/wp-json\/wp\/v2\/types\/product"}],"wp:featuredmedia":[{"embeddable":true,"href":"https:\/\/stampcurio.com\/hu\/wp-json\/wp\/v2\/media\/12024"}],"wp:attachment":[{"href":"https:\/\/stampcurio.com\/hu\/wp-json\/wp\/v2\/media?parent=8424"}],"wp:term":[{"taxonomy":"product_brand","embeddable":true,"href":"https:\/\/stampcurio.com\/hu\/wp-json\/wp\/v2\/product_brand?post=8424"},{"taxonomy":"product_cat","embeddable":true,"href":"https:\/\/stampcurio.com\/hu\/wp-json\/wp\/v2\/product_cat?post=8424"},{"taxonomy":"product_tag","embeddable":true,"href":"https:\/\/stampcurio.com\/hu\/wp-json\/wp\/v2\/product_tag?post=8424"}],"curies":[{"name":"wp","href":"https:\/\/api.w.org\/{rel}","templated":true}]}}