{"id":8419,"date":"2023-11-28T09:53:11","date_gmt":"2023-11-28T08:53:11","guid":{"rendered":"http:\/\/stampcurio.com\/?post_type=product&#038;p=8419"},"modified":"2025-12-05T04:10:10","modified_gmt":"2025-12-05T03:10:10","slug":"1850-ausztria-6kr-hp-i-b-tipus-szelenyomat-latvanyos-szegelylec-lenyomat-kisebb-lemezhibak-ferchenbauer-180-eur-attest-goller","status":"publish","type":"product","link":"https:\/\/stampcurio.com\/hu\/termek\/1850-ausztria-6kr-hp-i-b-tipus-szelenyomat-latvanyos-szegelylec-lenyomat-kisebb-lemezhibak-ferchenbauer-180-eur-attest-goller\/","title":{"rendered":"1850 Ausztria 6kr HP I.b tipus sz\u00e9lenyomat, l\u00e1tv\u00e1nyos szeg\u00e9lyl\u00e9c lenyomat, kisebb lemezhib\u00e1k &#8211; Ferchenbauer 180+ EUR &#8211; Attest Goller"},"content":{"rendered":"","protected":false},"excerpt":{"rendered":"<p>A leb\u00e9lyegz\u00e9sek feltehet\u0151leg PESTH \u00e9s\u00a0 ROSENAU vonalb\u00e9lyegz\u00e9s, de 100% pontos azonos\u00edt\u00e1suk nem lehets\u00e9ges.<\/p>\n<p>Kis pap\u00edrhiba a jobb fels\u0151 sarokn\u00e1l.<\/p>\n","protected":false},"featured_media":8330,"template":"","meta":[],"product_brand":[],"product_cat":[60,73,193],"product_tag":[1044,116,217],"class_list":{"0":"post-8419","1":"product","2":"type-product","3":"status-publish","4":"has-post-thumbnail","6":"product_cat-ausztria-1st","7":"product_cat-magyarorszag-1st","8":"product_cat-szlovakia-1st","9":"product_tag-1st-auction-hu","10":"product_tag-belyeg","11":"product_tag-tevnyomat","12":"pa_catalog_id-871","14":"first","15":"outofstock","16":"sold-individually","17":"shipping-taxable","18":"product-type-simple"},"_links":{"self":[{"href":"https:\/\/stampcurio.com\/hu\/wp-json\/wp\/v2\/product\/8419","targetHints":{"allow":["GET"]}}],"collection":[{"href":"https:\/\/stampcurio.com\/hu\/wp-json\/wp\/v2\/product"}],"about":[{"href":"https:\/\/stampcurio.com\/hu\/wp-json\/wp\/v2\/types\/product"}],"wp:featuredmedia":[{"embeddable":true,"href":"https:\/\/stampcurio.com\/hu\/wp-json\/wp\/v2\/media\/8330"}],"wp:attachment":[{"href":"https:\/\/stampcurio.com\/hu\/wp-json\/wp\/v2\/media?parent=8419"}],"wp:term":[{"taxonomy":"product_brand","embeddable":true,"href":"https:\/\/stampcurio.com\/hu\/wp-json\/wp\/v2\/product_brand?post=8419"},{"taxonomy":"product_cat","embeddable":true,"href":"https:\/\/stampcurio.com\/hu\/wp-json\/wp\/v2\/product_cat?post=8419"},{"taxonomy":"product_tag","embeddable":true,"href":"https:\/\/stampcurio.com\/hu\/wp-json\/wp\/v2\/product_tag?post=8419"}],"curies":[{"name":"wp","href":"https:\/\/api.w.org\/{rel}","templated":true}]}}