{"id":8407,"date":"2023-11-27T23:39:20","date_gmt":"2023-11-27T22:39:20","guid":{"rendered":"http:\/\/stampcurio.com\/?post_type=product&#038;p=8407"},"modified":"2025-12-05T04:10:11","modified_gmt":"2025-12-05T03:10:11","slug":"1851-ausztria-hirlapbelyeg-kek-merkur-ii-c-tipus-sotetkek-szelesen-vagva-4-belyeg-is-latszik-kis-lemezhiba-herrmannstadt-lebelyegzes-attest-goller","status":"publish","type":"product","link":"https:\/\/stampcurio.com\/hu\/termek\/1851-ausztria-hirlapbelyeg-kek-merkur-ii-c-tipus-sotetkek-szelesen-vagva-4-belyeg-is-latszik-kis-lemezhiba-herrmannstadt-lebelyegzes-attest-goller\/","title":{"rendered":"1851 Ausztria h\u00edrlapb\u00e9lyeg k\u00e9k merk\u00far II.c tipus s\u00f6t\u00e9tk\u00e9k, sz\u00e9lesen v\u00e1gva 4 b\u00e9lyeg is l\u00e1tszik &#8211; kis lemezhiba &#8211; HERRMANNSTADT leb\u00e9lyegz\u00e9s &#8211; Attest Goller"},"content":{"rendered":"","protected":false},"excerpt":{"rendered":"","protected":false},"featured_media":8294,"template":"","meta":[],"product_brand":[],"product_cat":[60,73,105],"product_tag":[1044,116,67,217],"class_list":{"0":"post-8407","1":"product","2":"type-product","3":"status-publish","4":"has-post-thumbnail","6":"product_cat-ausztria-1st","7":"product_cat-magyarorszag-1st","8":"product_cat-romania-1st","9":"product_tag-1st-auction-hu","10":"product_tag-belyeg","11":"product_tag-marcofilatelia","12":"product_tag-tevnyomat","13":"pa_catalog_id-868","15":"first","16":"outofstock","17":"sold-individually","18":"shipping-taxable","19":"product-type-simple"},"_links":{"self":[{"href":"https:\/\/stampcurio.com\/hu\/wp-json\/wp\/v2\/product\/8407","targetHints":{"allow":["GET"]}}],"collection":[{"href":"https:\/\/stampcurio.com\/hu\/wp-json\/wp\/v2\/product"}],"about":[{"href":"https:\/\/stampcurio.com\/hu\/wp-json\/wp\/v2\/types\/product"}],"wp:featuredmedia":[{"embeddable":true,"href":"https:\/\/stampcurio.com\/hu\/wp-json\/wp\/v2\/media\/8294"}],"wp:attachment":[{"href":"https:\/\/stampcurio.com\/hu\/wp-json\/wp\/v2\/media?parent=8407"}],"wp:term":[{"taxonomy":"product_brand","embeddable":true,"href":"https:\/\/stampcurio.com\/hu\/wp-json\/wp\/v2\/product_brand?post=8407"},{"taxonomy":"product_cat","embeddable":true,"href":"https:\/\/stampcurio.com\/hu\/wp-json\/wp\/v2\/product_cat?post=8407"},{"taxonomy":"product_tag","embeddable":true,"href":"https:\/\/stampcurio.com\/hu\/wp-json\/wp\/v2\/product_tag?post=8407"}],"curies":[{"name":"wp","href":"https:\/\/api.w.org\/{rel}","templated":true}]}}