{"id":8403,"date":"2023-11-27T23:34:50","date_gmt":"2023-11-27T22:34:50","guid":{"rendered":"http:\/\/stampcurio.com\/?post_type=product&#038;p=8403"},"modified":"2025-12-05T04:10:11","modified_gmt":"2025-12-05T03:10:11","slug":"1858-ausztria-2kr-ii-tipus-sarga-dekorativ-kezi-ervenytelenitessel-ferchenbauer-150-eur-attest-goller","status":"publish","type":"product","link":"https:\/\/stampcurio.com\/hu\/termek\/1858-ausztria-2kr-ii-tipus-sarga-dekorativ-kezi-ervenytelenitessel-ferchenbauer-150-eur-attest-goller\/","title":{"rendered":"1858 Ausztria 2kr II. tipus s\u00e1rga, dekorat\u00edv k\u00e9zi \u00e9rv\u00e9nytelen\u00edt\u00e9ssel &#8211; Ferchenbauer 150 EUR &#8211; Attest Goller"},"content":{"rendered":"","protected":false},"excerpt":{"rendered":"<p>K\u00e9zi \u00e9rv\u00e9nytelen\u00edt\u00e9s +80 EUR<\/p>\n","protected":false},"featured_media":8282,"template":"","meta":[],"product_brand":[],"product_cat":[60],"product_tag":[1044,116,67],"class_list":{"0":"post-8403","1":"product","2":"type-product","3":"status-publish","4":"has-post-thumbnail","6":"product_cat-ausztria-1st","7":"product_tag-1st-auction-hu","8":"product_tag-belyeg","9":"product_tag-marcofilatelia","10":"pa_catalog_id-867","12":"first","13":"outofstock","14":"sold-individually","15":"shipping-taxable","16":"product-type-simple"},"_links":{"self":[{"href":"https:\/\/stampcurio.com\/hu\/wp-json\/wp\/v2\/product\/8403","targetHints":{"allow":["GET"]}}],"collection":[{"href":"https:\/\/stampcurio.com\/hu\/wp-json\/wp\/v2\/product"}],"about":[{"href":"https:\/\/stampcurio.com\/hu\/wp-json\/wp\/v2\/types\/product"}],"wp:featuredmedia":[{"embeddable":true,"href":"https:\/\/stampcurio.com\/hu\/wp-json\/wp\/v2\/media\/8282"}],"wp:attachment":[{"href":"https:\/\/stampcurio.com\/hu\/wp-json\/wp\/v2\/media?parent=8403"}],"wp:term":[{"taxonomy":"product_brand","embeddable":true,"href":"https:\/\/stampcurio.com\/hu\/wp-json\/wp\/v2\/product_brand?post=8403"},{"taxonomy":"product_cat","embeddable":true,"href":"https:\/\/stampcurio.com\/hu\/wp-json\/wp\/v2\/product_cat?post=8403"},{"taxonomy":"product_tag","embeddable":true,"href":"https:\/\/stampcurio.com\/hu\/wp-json\/wp\/v2\/product_tag?post=8403"}],"curies":[{"name":"wp","href":"https:\/\/api.w.org\/{rel}","templated":true}]}}